{"id":1318,"date":"2021-11-21T15:12:46","date_gmt":"2021-11-21T15:12:46","guid":{"rendered":"https:\/\/www.ajimez.es\/index.php\/home\/"},"modified":"2024-12-13T20:46:09","modified_gmt":"2024-12-13T20:46:09","slug":"home","status":"publish","type":"page","link":"https:\/\/www.ajimez.es\/","title":{"rendered":"Visitas guiadas"},"content":{"rendered":"\t\t<div data-elementor-type=\"wp-page\" data-elementor-id=\"1318\" class=\"elementor elementor-1318\">\n\t\t\t\t\t\t<section class=\"elementor-section elementor-top-section elementor-element elementor-element-ca7541c elementor-section-height-min-height elementor-section-items-top elementor-section-boxed elementor-section-height-default\" data-id=\"ca7541c\" data-element_type=\"section\" data-settings=\"{&quot;background_background&quot;:&quot;classic&quot;}\">\n\t\t\t\t\t\t\t<div class=\"elementor-background-overlay\"><\/div>\n\t\t\t\t\t\t\t<div class=\"elementor-container elementor-column-gap-default\">\n\t\t\t\t\t<div class=\"elementor-column elementor-col-100 elementor-top-column elementor-element elementor-element-be10890\" data-id=\"be10890\" data-element_type=\"column\">\n\t\t\t<div class=\"elementor-widget-wrap elementor-element-populated\">\n\t\t\t\t\t\t<div class=\"elementor-element elementor-element-02500f6 elementor-widget elementor-widget-heading\" data-id=\"02500f6\" data-element_type=\"widget\" data-widget_type=\"heading.default\">\n\t\t\t\t<div class=\"elementor-widget-container\">\n\t\t\t\t\t<h1 class=\"elementor-heading-title elementor-size-default\"><br>Descubre Llerena con Ajimez Turismo<\/h1>\t\t\t\t<\/div>\n\t\t\t\t<\/div>\n\t\t\t\t<div class=\"elementor-element elementor-element-ffe4386 elementor-widget elementor-widget-text-editor\" data-id=\"ffe4386\" data-element_type=\"widget\" data-widget_type=\"text-editor.default\">\n\t\t\t\t<div class=\"elementor-widget-container\">\n\t\t\t\t\t\t\t\t\t<h4><span style=\"color: #ffffff;\">Gu\u00eda oficial de turismo<\/span><\/h4>\t\t\t\t\t\t\t\t<\/div>\n\t\t\t\t<\/div>\n\t\t\t\t\t<\/div>\n\t\t<\/div>\n\t\t\t\t\t<\/div>\n\t\t<\/section>\n\t\t\t\t<section class=\"elementor-section elementor-top-section elementor-element elementor-element-7701125 elementor-section-boxed elementor-section-height-default elementor-section-height-default\" data-id=\"7701125\" data-element_type=\"section\">\n\t\t\t\t\t\t<div class=\"elementor-container elementor-column-gap-default\">\n\t\t\t\t\t<div class=\"elementor-column elementor-col-100 elementor-top-column elementor-element elementor-element-9ad04ba\" data-id=\"9ad04ba\" data-element_type=\"column\">\n\t\t\t<div class=\"elementor-widget-wrap elementor-element-populated\">\n\t\t\t\t\t\t<div class=\"elementor-element elementor-element-13ae7bf elementor-widget elementor-widget-heading\" data-id=\"13ae7bf\" data-element_type=\"widget\" data-widget_type=\"heading.default\">\n\t\t\t\t<div class=\"elementor-widget-container\">\n\t\t\t\t\t<h2 class=\"elementor-heading-title elementor-size-default\">\u00a1\u00a1QU\u00c9 VER EN LLERENA!!<\/h2>\t\t\t\t<\/div>\n\t\t\t\t<\/div>\n\t\t\t\t<div class=\"elementor-element elementor-element-9c7221f elementor-widget-divider--view-line elementor-widget elementor-widget-divider\" data-id=\"9c7221f\" data-element_type=\"widget\" data-widget_type=\"divider.default\">\n\t\t\t\t<div class=\"elementor-widget-container\">\n\t\t\t\t\t\t\t<div class=\"elementor-divider\">\n\t\t\t<span class=\"elementor-divider-separator\">\n\t\t\t\t\t\t<\/span>\n\t\t<\/div>\n\t\t\t\t\t\t<\/div>\n\t\t\t\t<\/div>\n\t\t\t\t<section class=\"elementor-section elementor-inner-section elementor-element elementor-element-ef970f2 elementor-section-full_width elementor-section-height-default elementor-section-height-default\" data-id=\"ef970f2\" data-element_type=\"section\">\n\t\t\t\t\t\t<div class=\"elementor-container elementor-column-gap-default\">\n\t\t\t\t\t<div class=\"elementor-column elementor-col-33 elementor-inner-column elementor-element elementor-element-fd27b31\" data-id=\"fd27b31\" data-element_type=\"column\">\n\t\t\t<div class=\"elementor-widget-wrap elementor-element-populated\">\n\t\t\t\t\t\t<div class=\"elementor-element elementor-element-bff2ac9 elementor-widget elementor-widget-image\" data-id=\"bff2ac9\" data-element_type=\"widget\" data-widget_type=\"image.default\">\n\t\t\t\t<div class=\"elementor-widget-container\">\n\t\t\t\t\t\t\t\t\t\t\t\t\t\t\t<img fetchpriority=\"high\" decoding=\"async\" width=\"1920\" height=\"2560\" src=\"https:\/\/www.ajimez.es\/wp-content\/uploads\/2022\/12\/calles-de-llerena-torre-de-llerena-bodegon-mudejar-scaled.jpg\" class=\"attachment-full size-full wp-image-7\" alt=\"\" srcset=\"https:\/\/www.ajimez.es\/wp-content\/uploads\/2022\/12\/calles-de-llerena-torre-de-llerena-bodegon-mudejar-scaled.jpg 1920w, https:\/\/www.ajimez.es\/wp-content\/uploads\/2022\/12\/calles-de-llerena-torre-de-llerena-bodegon-mudejar-225x300.jpg 225w, https:\/\/www.ajimez.es\/wp-content\/uploads\/2022\/12\/calles-de-llerena-torre-de-llerena-bodegon-mudejar-768x1024.jpg 768w, https:\/\/www.ajimez.es\/wp-content\/uploads\/2022\/12\/calles-de-llerena-torre-de-llerena-bodegon-mudejar-1152x1536.jpg 1152w, https:\/\/www.ajimez.es\/wp-content\/uploads\/2022\/12\/calles-de-llerena-torre-de-llerena-bodegon-mudejar-1536x2048.jpg 1536w\" sizes=\"(max-width: 1920px) 100vw, 1920px\" \/>\t\t\t\t\t\t\t\t\t\t\t\t\t\t\t<\/div>\n\t\t\t\t<\/div>\n\t\t\t\t<div class=\"elementor-element elementor-element-54a2f8d elementor-widget elementor-widget-image-box\" data-id=\"54a2f8d\" data-element_type=\"widget\" data-widget_type=\"image-box.default\">\n\t\t\t\t<div class=\"elementor-widget-container\">\n\t\t\t\t\t<div class=\"elementor-image-box-wrapper\"><div class=\"elementor-image-box-content\"><h3 class=\"elementor-image-box-title\">Destinos y rutas<\/h3><p class=\"elementor-image-box-description\">Descubre todas las opciones que te ofrecemos por Llerena y viaja a tu manera.<\/p><\/div><\/div>\t\t\t\t<\/div>\n\t\t\t\t<\/div>\n\t\t\t\t\t<\/div>\n\t\t<\/div>\n\t\t\t\t<div class=\"elementor-column elementor-col-33 elementor-inner-column elementor-element elementor-element-e6971ee\" data-id=\"e6971ee\" data-element_type=\"column\">\n\t\t\t<div class=\"elementor-widget-wrap elementor-element-populated\">\n\t\t\t\t\t\t<div class=\"elementor-element elementor-element-1e4bc45 elementor-widget elementor-widget-image\" data-id=\"1e4bc45\" data-element_type=\"widget\" data-widget_type=\"image.default\">\n\t\t\t\t<div class=\"elementor-widget-container\">\n\t\t\t\t\t\t\t\t\t\t\t\t\t\t\t<img decoding=\"async\" width=\"768\" height=\"1024\" src=\"https:\/\/www.ajimez.es\/wp-content\/uploads\/2022\/12\/historia-rutas-ruta-guia-turismo-vistas-recorrido-guiadas.jpg\" class=\"attachment-full size-full wp-image-1351\" alt=\"Palacio justicia de Llerena. Patio mud\u00e9jar.\" srcset=\"https:\/\/www.ajimez.es\/wp-content\/uploads\/2022\/12\/historia-rutas-ruta-guia-turismo-vistas-recorrido-guiadas.jpg 768w, https:\/\/www.ajimez.es\/wp-content\/uploads\/2022\/12\/historia-rutas-ruta-guia-turismo-vistas-recorrido-guiadas-225x300.jpg 225w\" sizes=\"(max-width: 768px) 100vw, 768px\" \/>\t\t\t\t\t\t\t\t\t\t\t\t\t\t\t<\/div>\n\t\t\t\t<\/div>\n\t\t\t\t<div class=\"elementor-element elementor-element-f07647b elementor-widget elementor-widget-image-box\" data-id=\"f07647b\" data-element_type=\"widget\" data-widget_type=\"image-box.default\">\n\t\t\t\t<div class=\"elementor-widget-container\">\n\t\t\t\t\t<div class=\"elementor-image-box-wrapper\"><div class=\"elementor-image-box-content\"><h3 class=\"elementor-image-box-title\">Experiencias diferentes<\/h3><p class=\"elementor-image-box-description\">Siente todo lo que esta ciudad te ofrece de una forma realmente diferente.<\/p><\/div><\/div>\t\t\t\t<\/div>\n\t\t\t\t<\/div>\n\t\t\t\t\t<\/div>\n\t\t<\/div>\n\t\t\t\t<div class=\"elementor-column elementor-col-33 elementor-inner-column elementor-element elementor-element-b809155\" data-id=\"b809155\" data-element_type=\"column\">\n\t\t\t<div class=\"elementor-widget-wrap elementor-element-populated\">\n\t\t\t\t\t\t<div class=\"elementor-element elementor-element-6b792a3 elementor-widget elementor-widget-image\" data-id=\"6b792a3\" data-element_type=\"widget\" data-widget_type=\"image.default\">\n\t\t\t\t<div class=\"elementor-widget-container\">\n\t\t\t\t\t\t\t\t\t\t\t\t\t\t\t<img decoding=\"async\" width=\"1920\" height=\"2560\" src=\"https:\/\/www.ajimez.es\/wp-content\/uploads\/2022\/12\/hospederia-llerena-dona-mariana-scaled.jpg\" class=\"attachment-full size-full wp-image-1345\" alt=\"\" srcset=\"https:\/\/www.ajimez.es\/wp-content\/uploads\/2022\/12\/hospederia-llerena-dona-mariana-scaled.jpg 1920w, https:\/\/www.ajimez.es\/wp-content\/uploads\/2022\/12\/hospederia-llerena-dona-mariana-225x300.jpg 225w, https:\/\/www.ajimez.es\/wp-content\/uploads\/2022\/12\/hospederia-llerena-dona-mariana-768x1024.jpg 768w, https:\/\/www.ajimez.es\/wp-content\/uploads\/2022\/12\/hospederia-llerena-dona-mariana-1152x1536.jpg 1152w, https:\/\/www.ajimez.es\/wp-content\/uploads\/2022\/12\/hospederia-llerena-dona-mariana-1536x2048.jpg 1536w\" sizes=\"(max-width: 1920px) 100vw, 1920px\" \/>\t\t\t\t\t\t\t\t\t\t\t\t\t\t\t<\/div>\n\t\t\t\t<\/div>\n\t\t\t\t<div class=\"elementor-element elementor-element-1d1e836 elementor-widget elementor-widget-image-box\" data-id=\"1d1e836\" data-element_type=\"widget\" data-widget_type=\"image-box.default\">\n\t\t\t\t<div class=\"elementor-widget-container\">\n\t\t\t\t\t<div class=\"elementor-image-box-wrapper\"><div class=\"elementor-image-box-content\"><h3 class=\"elementor-image-box-title\">Asesoramiento tur\u00edstico<\/h3><p class=\"elementor-image-box-description\">Nos encargamos de todo lo que rodea tu paso por Llerena. Te proponemos diferentes opciones. \u00a1T\u00fa eliges!<\/p><\/div><\/div>\t\t\t\t<\/div>\n\t\t\t\t<\/div>\n\t\t\t\t\t<\/div>\n\t\t<\/div>\n\t\t\t\t\t<\/div>\n\t\t<\/section>\n\t\t\t\t\t<\/div>\n\t\t<\/div>\n\t\t\t\t\t<\/div>\n\t\t<\/section>\n\t\t\t\t<section class=\"elementor-section elementor-top-section elementor-element elementor-element-ae8ce41 elementor-section-boxed elementor-section-height-default elementor-section-height-default\" data-id=\"ae8ce41\" data-element_type=\"section\">\n\t\t\t\t\t\t<div class=\"elementor-container elementor-column-gap-default\">\n\t\t\t\t\t<div class=\"elementor-column elementor-col-50 elementor-top-column elementor-element elementor-element-4352dd5\" data-id=\"4352dd5\" data-element_type=\"column\">\n\t\t\t<div class=\"elementor-widget-wrap elementor-element-populated\">\n\t\t\t\t\t\t<div class=\"elementor-element elementor-element-f1e5c43 elementor-widget elementor-widget-text-editor\" data-id=\"f1e5c43\" data-element_type=\"widget\" data-widget_type=\"text-editor.default\">\n\t\t\t\t<div class=\"elementor-widget-container\">\n\t\t\t\t\t\t\t\t\t<h1><span style=\"color: #ffcc00;\"><b>Ajimez:<\/b><\/span><\/h1>\t\t\t\t\t\t\t\t<\/div>\n\t\t\t\t<\/div>\n\t\t\t\t<div class=\"elementor-element elementor-element-f514188 elementor-widget elementor-widget-heading\" data-id=\"f514188\" data-element_type=\"widget\" data-widget_type=\"heading.default\">\n\t\t\t\t<div class=\"elementor-widget-container\">\n\t\t\t\t\t<h4 class=\"elementor-heading-title elementor-size-default\">Ventana arqueada dividida en el centro por una columna.<\/h4>\t\t\t\t<\/div>\n\t\t\t\t<\/div>\n\t\t\t\t<div class=\"elementor-element elementor-element-2281324 elementor-widget elementor-widget-text-editor\" data-id=\"2281324\" data-element_type=\"widget\" data-widget_type=\"text-editor.default\">\n\t\t\t\t<div class=\"elementor-widget-container\">\n\t\t\t\t\t\t\t\t\t<p>Si bien en su origen ajimez (del \u00e1rabe\u00a0<i style=\"background-color: var(--ast-global-color-5); font-family: arial; color: #000000; font-size: 12.7px; text-align: justify;\">a\u0161\u0161am\u00eds)\u00a0<\/i>se emple\u00f3 para definir el saledizo de un balc\u00f3n mirador, siempre y cuando la ventana estuviese cubierta con una celos\u00eda, con el fin de mirar sin ser visto, en la actualidad se utiliza para designar una ventana con doble arco partida por una columna en el medio.<\/p><p>\u00a0<\/p><p>En la foto podemos ver ejemplos pict\u00f3ricos que podemos encontrar en el Museo Hist\u00f3rico de Llerena. Motivos por otra parte representados en la Ermita de la Virgen del Ara (Fuente del Arco).<\/p>\t\t\t\t\t\t\t\t<\/div>\n\t\t\t\t<\/div>\n\t\t\t\t\t<\/div>\n\t\t<\/div>\n\t\t\t\t<div class=\"elementor-column elementor-col-50 elementor-top-column elementor-element elementor-element-0ec8b6e elementor-hidden-mobile\" data-id=\"0ec8b6e\" data-element_type=\"column\">\n\t\t\t<div class=\"elementor-widget-wrap elementor-element-populated\">\n\t\t\t\t\t\t<div class=\"elementor-element elementor-element-8869c3b elementor-widget elementor-widget-image\" data-id=\"8869c3b\" data-element_type=\"widget\" data-widget_type=\"image.default\">\n\t\t\t\t<div class=\"elementor-widget-container\">\n\t\t\t\t\t\t\t\t\t\t\t\t\t\t\t<img loading=\"lazy\" decoding=\"async\" width=\"768\" height=\"1024\" src=\"https:\/\/www.ajimez.es\/wp-content\/uploads\/2022\/12\/pintura-murales-llerena-museo-artesania-iglesia-plaza-guia-sur-extremadura.jpg\" class=\"attachment-full size-full wp-image-1346\" alt=\"Museo hist\u00f3rico de Llerena. Ermita de la virgen del Ara. Mina de La Jayona.\" srcset=\"https:\/\/www.ajimez.es\/wp-content\/uploads\/2022\/12\/pintura-murales-llerena-museo-artesania-iglesia-plaza-guia-sur-extremadura.jpg 768w, https:\/\/www.ajimez.es\/wp-content\/uploads\/2022\/12\/pintura-murales-llerena-museo-artesania-iglesia-plaza-guia-sur-extremadura-225x300.jpg 225w\" sizes=\"(max-width: 768px) 100vw, 768px\" \/>\t\t\t\t\t\t\t\t\t\t\t\t\t\t\t<\/div>\n\t\t\t\t<\/div>\n\t\t\t\t\t<\/div>\n\t\t<\/div>\n\t\t\t\t\t<\/div>\n\t\t<\/section>\n\t\t\t\t<section class=\"elementor-section elementor-top-section elementor-element elementor-element-b991a90 elementor-section-height-min-height elementor-section-content-middle elementor-section-boxed elementor-section-height-default elementor-section-items-middle\" data-id=\"b991a90\" data-element_type=\"section\" data-settings=\"{&quot;background_background&quot;:&quot;classic&quot;}\">\n\t\t\t\t\t\t<div class=\"elementor-container elementor-column-gap-default\">\n\t\t\t\t\t<div class=\"elementor-column elementor-col-100 elementor-top-column elementor-element elementor-element-47e5172\" data-id=\"47e5172\" data-element_type=\"column\">\n\t\t\t<div class=\"elementor-widget-wrap elementor-element-populated\">\n\t\t\t\t\t\t<div class=\"elementor-element elementor-element-7d508b6 elementor-widget elementor-widget-heading\" data-id=\"7d508b6\" data-element_type=\"widget\" data-widget_type=\"heading.default\">\n\t\t\t\t<div class=\"elementor-widget-container\">\n\t\t\t\t\t<h1 class=\"elementor-heading-title elementor-size-default\">\u00bfPreguntas?<\/h1>\t\t\t\t<\/div>\n\t\t\t\t<\/div>\n\t\t\t\t<div class=\"elementor-element elementor-element-049c21d elementor-widget elementor-widget-text-editor\" data-id=\"049c21d\" data-element_type=\"widget\" data-widget_type=\"text-editor.default\">\n\t\t\t\t<div class=\"elementor-widget-container\">\n\t\t\t\t\t\t\t\t\t<p style=\"text-align: center;\">Contacta con nosotros y te las resolveremos sin ning\u00fan compromiso.<\/p>\t\t\t\t\t\t\t\t<\/div>\n\t\t\t\t<\/div>\n\t\t\t\t<div class=\"elementor-element elementor-element-2e320c5 elementor-view-framed elementor-hidden-desktop elementor-hidden-tablet elementor-shape-circle elementor-invisible elementor-widget elementor-widget-icon\" data-id=\"2e320c5\" data-element_type=\"widget\" data-settings=\"{&quot;_animation&quot;:&quot;rollIn&quot;}\" data-widget_type=\"icon.default\">\n\t\t\t\t<div class=\"elementor-widget-container\">\n\t\t\t\t\t\t\t<div class=\"elementor-icon-wrapper\">\n\t\t\t<a class=\"elementor-icon elementor-animation-pulse\" href=\"tel:\/\/601513799\">\n\t\t\t<i aria-hidden=\"true\" class=\"fas fa-phone-alt\"><\/i>\t\t\t<\/a>\n\t\t<\/div>\n\t\t\t\t\t\t<\/div>\n\t\t\t\t<\/div>\n\t\t\t\t\t<\/div>\n\t\t<\/div>\n\t\t\t\t\t<\/div>\n\t\t<\/section>\n\t\t\t\t<\/div>\n\t\t","protected":false},"excerpt":{"rendered":"<p>Descubre Llerena con Ajimez Turismo Gu\u00eda oficial de turismo \u00a1\u00a1QU\u00c9 VER EN LLERENA!! Destinos y rutas Descubre todas las opciones que te ofrecemos por Llerena y viaja a tu manera. Experiencias diferentes Siente todo lo que esta ciudad te ofrece de una forma realmente diferente. Asesoramiento tur\u00edstico Nos encargamos de todo lo que rodea tu &hellip;<\/p>\n<p class=\"read-more\"> <a class=\"\" href=\"https:\/\/www.ajimez.es\/\"> <span class=\"screen-reader-text\">Visitas guiadas<\/span> Leer m\u00e1s &raquo;<\/a><\/p>\n","protected":false},"author":1,"featured_media":0,"parent":0,"menu_order":0,"comment_status":"closed","ping_status":"closed","template":"","meta":{"site-sidebar-layout":"no-sidebar","site-content-layout":"page-builder","ast-global-header-display":"","ast-main-header-display":"","ast-hfb-above-header-display":"","ast-hfb-below-header-display":"","ast-hfb-mobile-header-display":"","site-post-title":"disabled","ast-breadcrumbs-content":"","ast-featured-img":"disabled","footer-sml-layout":"","theme-transparent-header-meta":"enabled","adv-header-id-meta":"","stick-header-meta":"","header-above-stick-meta":"","header-main-stick-meta":"","header-below-stick-meta":"","footnotes":""},"class_list":["post-1318","page","type-page","status-publish","hentry"],"yoast_head":"<!-- This site is optimized with the Yoast SEO plugin v21.0 - https:\/\/yoast.com\/wordpress\/plugins\/seo\/ -->\n<title>Visitas guiadas - Ajimez turismo Llerena<\/title>\n<meta name=\"description\" content=\"Turismo Llerena. \u00bfQu\u00e9 ver? Visitas guiadas todos los d\u00edas en Llerena. Descubre sus monumentos, historias y leyendas de la ciudad.\" \/>\n<meta name=\"robots\" content=\"index, follow, max-snippet:-1, max-image-preview:large, max-video-preview:-1\" \/>\n<link rel=\"canonical\" href=\"https:\/\/www.ajimez.es\/\" \/>\n<meta property=\"og:locale\" content=\"es_ES\" \/>\n<meta property=\"og:type\" content=\"article\" \/>\n<meta property=\"og:title\" content=\"Visitas guiadas - Ajimez turismo Llerena\" \/>\n<meta property=\"og:description\" content=\"Turismo Llerena. \u00bfQu\u00e9 ver? Visitas guiadas todos los d\u00edas en Llerena. Descubre sus monumentos, historias y leyendas de la ciudad.\" \/>\n<meta property=\"og:url\" content=\"https:\/\/www.ajimez.es\/\" \/>\n<meta property=\"og:site_name\" content=\"Ajimez turismo Llerena\" \/>\n<meta property=\"article:modified_time\" content=\"2024-12-13T20:46:09+00:00\" \/>\n<meta property=\"og:image\" content=\"https:\/\/www.ajimez.es\/wp-content\/uploads\/2022\/12\/calles-de-llerena-torre-de-llerena-bodegon-mudejar-scaled.jpg\" \/>\n<meta name=\"twitter:card\" content=\"summary_large_image\" \/>\n<meta name=\"twitter:label1\" content=\"Tiempo de lectura\" \/>\n\t<meta name=\"twitter:data1\" content=\"2 minutos\" \/>\n<script type=\"application\/ld+json\" class=\"yoast-schema-graph\">{\"@context\":\"https:\/\/schema.org\",\"@graph\":[{\"@type\":\"WebPage\",\"@id\":\"https:\/\/www.ajimez.es\/\",\"url\":\"https:\/\/www.ajimez.es\/\",\"name\":\"Visitas guiadas - Ajimez turismo Llerena\",\"isPartOf\":{\"@id\":\"https:\/\/www.ajimez.es\/#website\"},\"datePublished\":\"2021-11-21T15:12:46+00:00\",\"dateModified\":\"2024-12-13T20:46:09+00:00\",\"description\":\"Turismo Llerena. \u00bfQu\u00e9 ver? Visitas guiadas todos los d\u00edas en Llerena. Descubre sus monumentos, historias y leyendas de la ciudad.\",\"breadcrumb\":{\"@id\":\"https:\/\/www.ajimez.es\/#breadcrumb\"},\"inLanguage\":\"es\",\"potentialAction\":[{\"@type\":\"ReadAction\",\"target\":[\"https:\/\/www.ajimez.es\/\"]}]},{\"@type\":\"BreadcrumbList\",\"@id\":\"https:\/\/www.ajimez.es\/#breadcrumb\",\"itemListElement\":[{\"@type\":\"ListItem\",\"position\":1,\"name\":\"Portada\",\"item\":\"https:\/\/www.ajimez.es\/\"},{\"@type\":\"ListItem\",\"position\":2,\"name\":\"Visitas guiadas\"}]},{\"@type\":\"WebSite\",\"@id\":\"https:\/\/www.ajimez.es\/#website\",\"url\":\"https:\/\/www.ajimez.es\/\",\"name\":\"Ajimez turismo Llerena\",\"description\":\"Visitas guiadas por Llerena y el sur de Extremadura\",\"publisher\":{\"@id\":\"https:\/\/www.ajimez.es\/#organization\"},\"potentialAction\":[{\"@type\":\"SearchAction\",\"target\":{\"@type\":\"EntryPoint\",\"urlTemplate\":\"https:\/\/www.ajimez.es\/?s={search_term_string}\"},\"query-input\":\"required name=search_term_string\"}],\"inLanguage\":\"es\"},{\"@type\":\"Organization\",\"@id\":\"https:\/\/www.ajimez.es\/#organization\",\"name\":\"Ajimez turismo Llerena\",\"url\":\"https:\/\/www.ajimez.es\/\",\"logo\":{\"@type\":\"ImageObject\",\"inLanguage\":\"es\",\"@id\":\"https:\/\/www.ajimez.es\/#\/schema\/logo\/image\/\",\"url\":\"https:\/\/www.ajimez.es\/wp-content\/uploads\/2022\/12\/cropped-LETRAS.jpg\",\"contentUrl\":\"https:\/\/www.ajimez.es\/wp-content\/uploads\/2022\/12\/cropped-LETRAS.jpg\",\"width\":654,\"height\":322,\"caption\":\"Ajimez turismo Llerena\"},\"image\":{\"@id\":\"https:\/\/www.ajimez.es\/#\/schema\/logo\/image\/\"}}]}<\/script>\n<!-- \/ Yoast SEO plugin. -->","yoast_head_json":{"title":"Visitas guiadas - Ajimez turismo Llerena","description":"Turismo Llerena. \u00bfQu\u00e9 ver? Visitas guiadas todos los d\u00edas en Llerena. Descubre sus monumentos, historias y leyendas de la ciudad.","robots":{"index":"index","follow":"follow","max-snippet":"max-snippet:-1","max-image-preview":"max-image-preview:large","max-video-preview":"max-video-preview:-1"},"canonical":"https:\/\/www.ajimez.es\/","og_locale":"es_ES","og_type":"article","og_title":"Visitas guiadas - Ajimez turismo Llerena","og_description":"Turismo Llerena. \u00bfQu\u00e9 ver? Visitas guiadas todos los d\u00edas en Llerena. Descubre sus monumentos, historias y leyendas de la ciudad.","og_url":"https:\/\/www.ajimez.es\/","og_site_name":"Ajimez turismo Llerena","article_modified_time":"2024-12-13T20:46:09+00:00","og_image":[{"url":"https:\/\/www.ajimez.es\/wp-content\/uploads\/2022\/12\/calles-de-llerena-torre-de-llerena-bodegon-mudejar-scaled.jpg"}],"twitter_card":"summary_large_image","twitter_misc":{"Tiempo de lectura":"2 minutos"},"schema":{"@context":"https:\/\/schema.org","@graph":[{"@type":"WebPage","@id":"https:\/\/www.ajimez.es\/","url":"https:\/\/www.ajimez.es\/","name":"Visitas guiadas - Ajimez turismo Llerena","isPartOf":{"@id":"https:\/\/www.ajimez.es\/#website"},"datePublished":"2021-11-21T15:12:46+00:00","dateModified":"2024-12-13T20:46:09+00:00","description":"Turismo Llerena. \u00bfQu\u00e9 ver? Visitas guiadas todos los d\u00edas en Llerena. Descubre sus monumentos, historias y leyendas de la ciudad.","breadcrumb":{"@id":"https:\/\/www.ajimez.es\/#breadcrumb"},"inLanguage":"es","potentialAction":[{"@type":"ReadAction","target":["https:\/\/www.ajimez.es\/"]}]},{"@type":"BreadcrumbList","@id":"https:\/\/www.ajimez.es\/#breadcrumb","itemListElement":[{"@type":"ListItem","position":1,"name":"Portada","item":"https:\/\/www.ajimez.es\/"},{"@type":"ListItem","position":2,"name":"Visitas guiadas"}]},{"@type":"WebSite","@id":"https:\/\/www.ajimez.es\/#website","url":"https:\/\/www.ajimez.es\/","name":"Ajimez turismo Llerena","description":"Visitas guiadas por Llerena y el sur de Extremadura","publisher":{"@id":"https:\/\/www.ajimez.es\/#organization"},"potentialAction":[{"@type":"SearchAction","target":{"@type":"EntryPoint","urlTemplate":"https:\/\/www.ajimez.es\/?s={search_term_string}"},"query-input":"required name=search_term_string"}],"inLanguage":"es"},{"@type":"Organization","@id":"https:\/\/www.ajimez.es\/#organization","name":"Ajimez turismo Llerena","url":"https:\/\/www.ajimez.es\/","logo":{"@type":"ImageObject","inLanguage":"es","@id":"https:\/\/www.ajimez.es\/#\/schema\/logo\/image\/","url":"https:\/\/www.ajimez.es\/wp-content\/uploads\/2022\/12\/cropped-LETRAS.jpg","contentUrl":"https:\/\/www.ajimez.es\/wp-content\/uploads\/2022\/12\/cropped-LETRAS.jpg","width":654,"height":322,"caption":"Ajimez turismo Llerena"},"image":{"@id":"https:\/\/www.ajimez.es\/#\/schema\/logo\/image\/"}}]}},"_links":{"self":[{"href":"https:\/\/www.ajimez.es\/index.php\/wp-json\/wp\/v2\/pages\/1318","targetHints":{"allow":["GET"]}}],"collection":[{"href":"https:\/\/www.ajimez.es\/index.php\/wp-json\/wp\/v2\/pages"}],"about":[{"href":"https:\/\/www.ajimez.es\/index.php\/wp-json\/wp\/v2\/types\/page"}],"author":[{"embeddable":true,"href":"https:\/\/www.ajimez.es\/index.php\/wp-json\/wp\/v2\/users\/1"}],"replies":[{"embeddable":true,"href":"https:\/\/www.ajimez.es\/index.php\/wp-json\/wp\/v2\/comments?post=1318"}],"version-history":[{"count":64,"href":"https:\/\/www.ajimez.es\/index.php\/wp-json\/wp\/v2\/pages\/1318\/revisions"}],"predecessor-version":[{"id":1706,"href":"https:\/\/www.ajimez.es\/index.php\/wp-json\/wp\/v2\/pages\/1318\/revisions\/1706"}],"wp:attachment":[{"href":"https:\/\/www.ajimez.es\/index.php\/wp-json\/wp\/v2\/media?parent=1318"}],"curies":[{"name":"wp","href":"https:\/\/api.w.org\/{rel}","templated":true}]}}