{"id":1364,"date":"2022-12-30T19:41:16","date_gmt":"2022-12-30T19:41:16","guid":{"rendered":"https:\/\/www.ajimez.es\/?page_id=1364"},"modified":"2025-02-15T20:39:24","modified_gmt":"2025-02-15T20:39:24","slug":"llerena-monumento-tour-ruta-guiaturismo","status":"publish","type":"page","link":"https:\/\/www.ajimez.es\/index.php\/llerena-monumento-tour-ruta-guiaturismo\/","title":{"rendered":"Ruta monumental"},"content":{"rendered":"\t\t<div data-elementor-type=\"wp-page\" data-elementor-id=\"1364\" class=\"elementor elementor-1364\">\n\t\t\t\t\t\t<section class=\"elementor-section elementor-top-section elementor-element elementor-element-1a052749 elementor-section-height-min-height elementor-section-items-stretch elementor-section-content-bottom elementor-reverse-tablet elementor-section-full_width elementor-section-height-default\" data-id=\"1a052749\" data-element_type=\"section\" data-settings=\"{&quot;background_background&quot;:&quot;classic&quot;}\">\n\t\t\t\t\t\t<div class=\"elementor-container elementor-column-gap-no\">\n\t\t\t\t\t<div class=\"elementor-column elementor-col-100 elementor-top-column elementor-element elementor-element-48d894b0\" data-id=\"48d894b0\" data-element_type=\"column\" data-settings=\"{&quot;background_background&quot;:&quot;classic&quot;}\">\n\t\t\t<div class=\"elementor-widget-wrap elementor-element-populated\">\n\t\t\t\t\t\t<div class=\"elementor-element elementor-element-3a345da1 elementor-widget-mobile__width-initial elementor-widget__width-initial elementor-absolute elementor-invisible elementor-widget elementor-widget-heading\" data-id=\"3a345da1\" data-element_type=\"widget\" data-settings=\"{&quot;_animation&quot;:&quot;fadeInUp&quot;,&quot;_animation_delay&quot;:200,&quot;_position&quot;:&quot;absolute&quot;}\" data-widget_type=\"heading.default\">\n\t\t\t\t<div class=\"elementor-widget-container\">\n\t\t\t\t\t<h1 class=\"elementor-heading-title elementor-size-default\">Llerena monumental<\/h1>\t\t\t\t<\/div>\n\t\t\t\t<\/div>\n\t\t\t\t<div class=\"elementor-element elementor-element-54b8f04a elementor-widget__width-initial elementor-widget-mobile__width-initial elementor-absolute elementor-invisible elementor-widget elementor-widget-text-editor\" data-id=\"54b8f04a\" data-element_type=\"widget\" data-settings=\"{&quot;_animation&quot;:&quot;fadeInUp&quot;,&quot;_animation_delay&quot;:400,&quot;_position&quot;:&quot;absolute&quot;}\" data-widget_type=\"text-editor.default\">\n\t\t\t\t<div class=\"elementor-widget-container\">\n\t\t\t\t\t\t\t\t\t<p dir=\"ltr\">Hermosa ciudad del sur de Extremadura. Desde su reconquista en el siglo XIII, los Maestres de la Orden de Santiago se encaprichan por esta zona y condicionan enormemente su futuro. Esto, junto con el hecho de que el Tribunal del Santo Oficio de la Inquisici\u00f3n eligiera establecer una de sus sedes aqu\u00ed, dio a la ciudad una entidad y una personalidad \u00fanica.<\/p>\t\t\t\t\t\t\t\t<\/div>\n\t\t\t\t<\/div>\n\t\t\t\t<div class=\"elementor-element elementor-element-3e893faa elementor-widget__width-initial elementor-widget-tablet__width-inherit elementor-widget-mobile__width-inherit elementor-absolute elementor-widget elementor-widget-spacer\" data-id=\"3e893faa\" data-element_type=\"widget\" data-settings=\"{&quot;_position&quot;:&quot;absolute&quot;}\" data-widget_type=\"spacer.default\">\n\t\t\t\t<div class=\"elementor-widget-container\">\n\t\t\t\t\t\t\t<div class=\"elementor-spacer\">\n\t\t\t<div class=\"elementor-spacer-inner\"><\/div>\n\t\t<\/div>\n\t\t\t\t\t\t<\/div>\n\t\t\t\t<\/div>\n\t\t\t\t\t<\/div>\n\t\t<\/div>\n\t\t\t\t\t<\/div>\n\t\t<\/section>\n\t\t\t\t<section class=\"elementor-section elementor-top-section elementor-element elementor-element-2675d443 elementor-section-height-min-height elementor-section-items-stretch elementor-section-content-middle elementor-section-boxed elementor-section-height-default\" data-id=\"2675d443\" data-element_type=\"section\" data-settings=\"{&quot;background_background&quot;:&quot;classic&quot;}\">\n\t\t\t\t\t\t<div class=\"elementor-container elementor-column-gap-no\">\n\t\t\t\t\t<div class=\"elementor-column elementor-col-100 elementor-top-column elementor-element elementor-element-bc58f01\" data-id=\"bc58f01\" data-element_type=\"column\" data-settings=\"{&quot;background_background&quot;:&quot;classic&quot;}\">\n\t\t\t<div class=\"elementor-widget-wrap elementor-element-populated\">\n\t\t\t\t\t\t<div class=\"elementor-element elementor-element-2a540446 elementor-invisible elementor-widget elementor-widget-heading\" data-id=\"2a540446\" data-element_type=\"widget\" data-settings=\"{&quot;_animation&quot;:&quot;fadeIn&quot;,&quot;_animation_delay&quot;:400}\" data-widget_type=\"heading.default\">\n\t\t\t\t<div class=\"elementor-widget-container\">\n\t\t\t\t\t<h2 class=\"elementor-heading-title elementor-size-default\">\u00bfQu\u00e9 ver en Llerena?<\/h2>\t\t\t\t<\/div>\n\t\t\t\t<\/div>\n\t\t\t\t<div class=\"elementor-element elementor-element-3e9436ae elementor-invisible elementor-widget elementor-widget-text-editor\" data-id=\"3e9436ae\" data-element_type=\"widget\" data-settings=\"{&quot;_animation&quot;:&quot;fadeIn&quot;,&quot;_animation_delay&quot;:600}\" data-widget_type=\"text-editor.default\">\n\t\t\t\t<div class=\"elementor-widget-container\">\n\t\t\t\t\t\t\t\t\t<ul><li dir=\"ltr\" aria-level=\"1\"><p dir=\"ltr\" style=\"text-align: left;\" role=\"presentation\"><strong>Iglesia de la Granada:<\/strong> impresionante edificio religioso con fases constructivas que van desde el siglo XIII hasta el XVIII. Alberga en su interior una colecci\u00f3n de retablos y obras de arte de enorme valor destacando una pintura de Francisco de Zurbar\u00e1n.<\/p><\/li><li dir=\"ltr\" aria-level=\"1\"><p dir=\"ltr\" role=\"presentation\"><strong>Iglesia de Santiago:<\/strong> edificaci\u00f3n de finales del siglo XV. Construida como lugar de enterramiento del \u00faltimo maestre de la Orden de Santiago (en el interior se encuentra su monumento funerario).<\/p><\/li><li dir=\"ltr\" aria-level=\"1\"><p dir=\"ltr\" role=\"presentation\"><strong>Convento de Santa Clara:<\/strong> edificio de enorme valor art\u00edstico. Destaca su iglesia, con tres b\u00f3vedas completamente decoradas al fresco, su retablo mayor, su claustro encalado y un interesant\u00edsimo museo que alberga un conjunto de piezas de entre las que destaca un San Jer\u00f3nimo penitente de Mart\u00ednez Monta\u00f1\u00e9s.<\/p><\/li><li dir=\"ltr\" aria-level=\"1\"><p dir=\"ltr\" role=\"presentation\"><strong>Hospital San Juan de Dios:<\/strong> edificio del siglo XVII y XVIII. Actualmente se encuentra dividido. En su antigua iglesia se encuentra actualmente una de las bibliotecas m\u00e1s curiosas de toda Extremadura.<\/p><\/li><li dir=\"ltr\" aria-level=\"1\"><p dir=\"ltr\" role=\"presentation\"><strong>Casas maestrales:<\/strong> residencia de los Maestres de la Orden de Santiago. Fue adem\u00e1s sede de la Santa Inquisici\u00f3n, la cual tuvo sus c\u00e1rceles en el mismo edificio y donde se han conservado restos de grabados que los presos dejaron en sus c\u00e1rceles.<\/p><\/li><li dir=\"ltr\" aria-level=\"1\"><p dir=\"ltr\" role=\"presentation\"><strong>Palacio de los Zapata:<\/strong> interesante edificaci\u00f3n de finales del siglo XV. La Inquisici\u00f3n lo ocupar\u00e1 en el siglo XVI y hasta su desaparici\u00f3n en el siglo XIX. Destaca su portada y su patio interior, ejemplo notorio del arte mud\u00e9jar llerenense.<\/p><\/li><\/ul><p dir=\"ltr\">\u00a0 \u00a0 \u00a0 \u00a0Y\u00a0 por si todo esto fuera poco tambi\u00e9n podr\u00e1s ver&#8230;<\/p><p dir=\"ltr\">\u00a0<\/p><p dir=\"ltr\">\u00a0<\/p><ul><li dir=\"ltr\" aria-level=\"1\"><p dir=\"ltr\" role=\"presentation\">Casa prioral (museo de la ciudad).<\/p><\/li><li dir=\"ltr\" aria-level=\"1\"><p dir=\"ltr\" role=\"presentation\">Murallas.<\/p><\/li><li dir=\"ltr\" aria-level=\"1\"><p dir=\"ltr\" role=\"presentation\">Iglesia de la Concepci\u00f3n.<\/p><\/li><li dir=\"ltr\" aria-level=\"1\"><p dir=\"ltr\" role=\"presentation\">C\u00e1mara agraria (actual Universidad Popular) e Iglesia de La Merced.<\/p><\/li><li dir=\"ltr\" aria-level=\"1\"><p dir=\"ltr\" role=\"presentation\">Hospeder\u00eda Mirador de Llerena.<\/p><\/li><li dir=\"ltr\" aria-level=\"1\"><p dir=\"ltr\" role=\"presentation\">Plazas y calles, salpicadas de una importante muestra de arte popular barroco y mud\u00e9jar.<\/p><\/li><\/ul>\t\t\t\t\t\t\t\t<\/div>\n\t\t\t\t<\/div>\n\t\t\t\t\t<\/div>\n\t\t<\/div>\n\t\t\t\t\t<\/div>\n\t\t<\/section>\n\t\t\t\t<section class=\"elementor-section elementor-top-section elementor-element elementor-element-1d034caf elementor-section-full_width elementor-section-height-min-height elementor-section-items-stretch elementor-section-content-middle elementor-section-height-default\" data-id=\"1d034caf\" data-element_type=\"section\">\n\t\t\t\t\t\t<div class=\"elementor-container elementor-column-gap-no\">\n\t\t\t\t\t<div class=\"elementor-column elementor-col-100 elementor-top-column elementor-element elementor-element-252aa0d1\" data-id=\"252aa0d1\" data-element_type=\"column\">\n\t\t\t<div class=\"elementor-widget-wrap elementor-element-populated\">\n\t\t\t\t\t\t<div class=\"elementor-element elementor-element-1200d83f elementor-widget__width-auto elementor-absolute elementor-widget-mobile__width-initial elementor-invisible elementor-widget elementor-widget-image\" data-id=\"1200d83f\" data-element_type=\"widget\" data-settings=\"{&quot;_animation&quot;:&quot;slideInLeft&quot;,&quot;_position&quot;:&quot;absolute&quot;}\" data-widget_type=\"image.default\">\n\t\t\t\t<div class=\"elementor-widget-container\">\n\t\t\t\t\t\t\t\t\t\t\t\t\t\t\t<img fetchpriority=\"high\" decoding=\"async\" width=\"1024\" height=\"768\" src=\"https:\/\/www.ajimez.es\/wp-content\/uploads\/2022\/12\/Llerena-torre-de-la-Granada-1024x768.jpg\" class=\"attachment-large size-large wp-image-1336\" alt=\"Visitar Llerena y conocer la iglesia de la Granada\" srcset=\"https:\/\/www.ajimez.es\/wp-content\/uploads\/2022\/12\/Llerena-torre-de-la-Granada-1024x768.jpg 1024w, https:\/\/www.ajimez.es\/wp-content\/uploads\/2022\/12\/Llerena-torre-de-la-Granada-300x225.jpg 300w, https:\/\/www.ajimez.es\/wp-content\/uploads\/2022\/12\/Llerena-torre-de-la-Granada-768x576.jpg 768w, https:\/\/www.ajimez.es\/wp-content\/uploads\/2022\/12\/Llerena-torre-de-la-Granada-1536x1152.jpg 1536w, https:\/\/www.ajimez.es\/wp-content\/uploads\/2022\/12\/Llerena-torre-de-la-Granada-2048x1536.jpg 2048w, https:\/\/www.ajimez.es\/wp-content\/uploads\/2022\/12\/elementor\/thumbs\/Llerena-torre-de-la-Granada-scaled-pzw3po2sn570uvbfw4qkwmeak868lobtwl4dpcxy6c.jpg 33w\" sizes=\"(max-width: 1024px) 100vw, 1024px\" \/>\t\t\t\t\t\t\t\t\t\t\t\t\t\t\t<\/div>\n\t\t\t\t<\/div>\n\t\t\t\t<section class=\"elementor-section elementor-inner-section elementor-element elementor-element-60ebfd1 elementor-section-height-min-height elementor-section-content-middle elementor-section-boxed elementor-section-height-default\" data-id=\"60ebfd1\" data-element_type=\"section\" data-settings=\"{&quot;background_background&quot;:&quot;classic&quot;}\">\n\t\t\t\t\t\t<div class=\"elementor-container elementor-column-gap-no\">\n\t\t\t\t\t<div class=\"elementor-column elementor-col-100 elementor-inner-column elementor-element elementor-element-c961b45\" data-id=\"c961b45\" data-element_type=\"column\">\n\t\t\t<div class=\"elementor-widget-wrap elementor-element-populated\">\n\t\t\t\t\t\t<div class=\"elementor-element elementor-element-3f5ebea4 elementor-invisible elementor-widget elementor-widget-heading\" data-id=\"3f5ebea4\" data-element_type=\"widget\" data-settings=\"{&quot;_animation&quot;:&quot;fadeIn&quot;}\" data-widget_type=\"heading.default\">\n\t\t\t\t<div class=\"elementor-widget-container\">\n\t\t\t\t\t<h2 class=\"elementor-heading-title elementor-size-default\">\u00bfQu\u00e9 incluye esta ruta?<\/h2>\t\t\t\t<\/div>\n\t\t\t\t<\/div>\n\t\t\t\t<div class=\"elementor-element elementor-element-2de53828 elementor-invisible elementor-widget elementor-widget-text-editor\" data-id=\"2de53828\" data-element_type=\"widget\" data-settings=\"{&quot;_animation&quot;:&quot;fadeIn&quot;,&quot;_animation_delay&quot;:200}\" data-widget_type=\"text-editor.default\">\n\t\t\t\t<div class=\"elementor-widget-container\">\n\t\t\t\t\t\t\t\t\t<ul><li>Gu\u00eda tur\u00edstico durante todo el recorrido.<\/li><li>Entradas incluidas a los principales edificios (salvo en Convento Santa Clara).<\/li><li>Exposici\u00f3n y muestra de otros elementos que ayudan a comprender la historia y el patrimonio de Llerena.<\/li><\/ul>\t\t\t\t\t\t\t\t<\/div>\n\t\t\t\t<\/div>\n\t\t\t\t\t<\/div>\n\t\t<\/div>\n\t\t\t\t\t<\/div>\n\t\t<\/section>\n\t\t\t\t\t<\/div>\n\t\t<\/div>\n\t\t\t\t\t<\/div>\n\t\t<\/section>\n\t\t\t\t<\/div>\n\t\t","protected":false},"excerpt":{"rendered":"<p>Llerena monumental Hermosa ciudad del sur de Extremadura. Desde su reconquista en el siglo XIII, los Maestres de la Orden de Santiago se encaprichan por esta zona y condicionan enormemente su futuro. Esto, junto con el hecho de que el Tribunal del Santo Oficio de la Inquisici\u00f3n eligiera establecer una de sus sedes aqu\u00ed, dio &hellip;<\/p>\n<p class=\"read-more\"> <a class=\"\" href=\"https:\/\/www.ajimez.es\/index.php\/llerena-monumento-tour-ruta-guiaturismo\/\"> <span class=\"screen-reader-text\">Ruta monumental<\/span> Leer m\u00e1s &raquo;<\/a><\/p>\n","protected":false},"author":1,"featured_media":0,"parent":0,"menu_order":0,"comment_status":"closed","ping_status":"closed","template":"","meta":{"site-sidebar-layout":"no-sidebar","site-content-layout":"page-builder","ast-global-header-display":"","ast-main-header-display":"","ast-hfb-above-header-display":"","ast-hfb-below-header-display":"","ast-hfb-mobile-header-display":"","site-post-title":"disabled","ast-breadcrumbs-content":"","ast-featured-img":"disabled","footer-sml-layout":"","theme-transparent-header-meta":"","adv-header-id-meta":"","stick-header-meta":"","header-above-stick-meta":"","header-main-stick-meta":"","header-below-stick-meta":"","footnotes":""},"class_list":["post-1364","page","type-page","status-publish","hentry"],"yoast_head":"<!-- This site is optimized with the Yoast SEO plugin v21.0 - https:\/\/yoast.com\/wordpress\/plugins\/seo\/ -->\n<title>Tour por los monumentos de Llerena. \u00bfQu\u00e9 ver en Llerena?<\/title>\n<meta name=\"description\" content=\"\u00bfQu\u00e9 hay que ver en Llerena? Conoce en esta ruta sus principales monumentos y la enorme cantidad de tesoros que alberga cada uno de ellos.\" \/>\n<meta name=\"robots\" content=\"index, follow, max-snippet:-1, max-image-preview:large, max-video-preview:-1\" \/>\n<link rel=\"canonical\" href=\"https:\/\/www.ajimez.es\/index.php\/llerena-monumento-tour-ruta-guiaturismo\/\" \/>\n<meta property=\"og:locale\" content=\"es_ES\" \/>\n<meta property=\"og:type\" content=\"article\" \/>\n<meta property=\"og:title\" content=\"Tour por los monumentos de Llerena. \u00bfQu\u00e9 ver en Llerena?\" \/>\n<meta property=\"og:description\" content=\"\u00bfQu\u00e9 hay que ver en Llerena? Conoce en esta ruta sus principales monumentos y la enorme cantidad de tesoros que alberga cada uno de ellos.\" \/>\n<meta property=\"og:url\" content=\"https:\/\/www.ajimez.es\/index.php\/llerena-monumento-tour-ruta-guiaturismo\/\" \/>\n<meta property=\"og:site_name\" content=\"Ajimez turismo Llerena\" \/>\n<meta property=\"article:modified_time\" content=\"2025-02-15T20:39:24+00:00\" \/>\n<meta property=\"og:image\" content=\"https:\/\/www.ajimez.es\/wp-content\/uploads\/2022\/12\/Llerena-torre-de-la-Granada-1024x768.jpg\" \/>\n<meta name=\"twitter:card\" content=\"summary_large_image\" \/>\n<meta name=\"twitter:label1\" content=\"Tiempo de lectura\" \/>\n\t<meta name=\"twitter:data1\" content=\"2 minutos\" \/>\n<script type=\"application\/ld+json\" class=\"yoast-schema-graph\">{\"@context\":\"https:\/\/schema.org\",\"@graph\":[{\"@type\":\"WebPage\",\"@id\":\"https:\/\/www.ajimez.es\/index.php\/llerena-monumento-tour-ruta-guiaturismo\/\",\"url\":\"https:\/\/www.ajimez.es\/index.php\/llerena-monumento-tour-ruta-guiaturismo\/\",\"name\":\"Tour por los monumentos de Llerena. \u00bfQu\u00e9 ver en Llerena?\",\"isPartOf\":{\"@id\":\"https:\/\/www.ajimez.es\/#website\"},\"datePublished\":\"2022-12-30T19:41:16+00:00\",\"dateModified\":\"2025-02-15T20:39:24+00:00\",\"description\":\"\u00bfQu\u00e9 hay que ver en Llerena? Conoce en esta ruta sus principales monumentos y la enorme cantidad de tesoros que alberga cada uno de ellos.\",\"breadcrumb\":{\"@id\":\"https:\/\/www.ajimez.es\/index.php\/llerena-monumento-tour-ruta-guiaturismo\/#breadcrumb\"},\"inLanguage\":\"es\",\"potentialAction\":[{\"@type\":\"ReadAction\",\"target\":[\"https:\/\/www.ajimez.es\/index.php\/llerena-monumento-tour-ruta-guiaturismo\/\"]}]},{\"@type\":\"BreadcrumbList\",\"@id\":\"https:\/\/www.ajimez.es\/index.php\/llerena-monumento-tour-ruta-guiaturismo\/#breadcrumb\",\"itemListElement\":[{\"@type\":\"ListItem\",\"position\":1,\"name\":\"Portada\",\"item\":\"https:\/\/www.ajimez.es\/\"},{\"@type\":\"ListItem\",\"position\":2,\"name\":\"Ruta monumental\"}]},{\"@type\":\"WebSite\",\"@id\":\"https:\/\/www.ajimez.es\/#website\",\"url\":\"https:\/\/www.ajimez.es\/\",\"name\":\"Ajimez turismo Llerena\",\"description\":\"Visitas guiadas por Llerena y el sur de Extremadura\",\"publisher\":{\"@id\":\"https:\/\/www.ajimez.es\/#organization\"},\"potentialAction\":[{\"@type\":\"SearchAction\",\"target\":{\"@type\":\"EntryPoint\",\"urlTemplate\":\"https:\/\/www.ajimez.es\/?s={search_term_string}\"},\"query-input\":\"required name=search_term_string\"}],\"inLanguage\":\"es\"},{\"@type\":\"Organization\",\"@id\":\"https:\/\/www.ajimez.es\/#organization\",\"name\":\"Ajimez turismo Llerena\",\"url\":\"https:\/\/www.ajimez.es\/\",\"logo\":{\"@type\":\"ImageObject\",\"inLanguage\":\"es\",\"@id\":\"https:\/\/www.ajimez.es\/#\/schema\/logo\/image\/\",\"url\":\"https:\/\/www.ajimez.es\/wp-content\/uploads\/2022\/12\/cropped-LETRAS.jpg\",\"contentUrl\":\"https:\/\/www.ajimez.es\/wp-content\/uploads\/2022\/12\/cropped-LETRAS.jpg\",\"width\":654,\"height\":322,\"caption\":\"Ajimez turismo Llerena\"},\"image\":{\"@id\":\"https:\/\/www.ajimez.es\/#\/schema\/logo\/image\/\"}}]}<\/script>\n<!-- \/ Yoast SEO plugin. -->","yoast_head_json":{"title":"Tour por los monumentos de Llerena. \u00bfQu\u00e9 ver en Llerena?","description":"\u00bfQu\u00e9 hay que ver en Llerena? Conoce en esta ruta sus principales monumentos y la enorme cantidad de tesoros que alberga cada uno de ellos.","robots":{"index":"index","follow":"follow","max-snippet":"max-snippet:-1","max-image-preview":"max-image-preview:large","max-video-preview":"max-video-preview:-1"},"canonical":"https:\/\/www.ajimez.es\/index.php\/llerena-monumento-tour-ruta-guiaturismo\/","og_locale":"es_ES","og_type":"article","og_title":"Tour por los monumentos de Llerena. \u00bfQu\u00e9 ver en Llerena?","og_description":"\u00bfQu\u00e9 hay que ver en Llerena? Conoce en esta ruta sus principales monumentos y la enorme cantidad de tesoros que alberga cada uno de ellos.","og_url":"https:\/\/www.ajimez.es\/index.php\/llerena-monumento-tour-ruta-guiaturismo\/","og_site_name":"Ajimez turismo Llerena","article_modified_time":"2025-02-15T20:39:24+00:00","og_image":[{"url":"https:\/\/www.ajimez.es\/wp-content\/uploads\/2022\/12\/Llerena-torre-de-la-Granada-1024x768.jpg"}],"twitter_card":"summary_large_image","twitter_misc":{"Tiempo de lectura":"2 minutos"},"schema":{"@context":"https:\/\/schema.org","@graph":[{"@type":"WebPage","@id":"https:\/\/www.ajimez.es\/index.php\/llerena-monumento-tour-ruta-guiaturismo\/","url":"https:\/\/www.ajimez.es\/index.php\/llerena-monumento-tour-ruta-guiaturismo\/","name":"Tour por los monumentos de Llerena. \u00bfQu\u00e9 ver en Llerena?","isPartOf":{"@id":"https:\/\/www.ajimez.es\/#website"},"datePublished":"2022-12-30T19:41:16+00:00","dateModified":"2025-02-15T20:39:24+00:00","description":"\u00bfQu\u00e9 hay que ver en Llerena? Conoce en esta ruta sus principales monumentos y la enorme cantidad de tesoros que alberga cada uno de ellos.","breadcrumb":{"@id":"https:\/\/www.ajimez.es\/index.php\/llerena-monumento-tour-ruta-guiaturismo\/#breadcrumb"},"inLanguage":"es","potentialAction":[{"@type":"ReadAction","target":["https:\/\/www.ajimez.es\/index.php\/llerena-monumento-tour-ruta-guiaturismo\/"]}]},{"@type":"BreadcrumbList","@id":"https:\/\/www.ajimez.es\/index.php\/llerena-monumento-tour-ruta-guiaturismo\/#breadcrumb","itemListElement":[{"@type":"ListItem","position":1,"name":"Portada","item":"https:\/\/www.ajimez.es\/"},{"@type":"ListItem","position":2,"name":"Ruta monumental"}]},{"@type":"WebSite","@id":"https:\/\/www.ajimez.es\/#website","url":"https:\/\/www.ajimez.es\/","name":"Ajimez turismo Llerena","description":"Visitas guiadas por Llerena y el sur de Extremadura","publisher":{"@id":"https:\/\/www.ajimez.es\/#organization"},"potentialAction":[{"@type":"SearchAction","target":{"@type":"EntryPoint","urlTemplate":"https:\/\/www.ajimez.es\/?s={search_term_string}"},"query-input":"required name=search_term_string"}],"inLanguage":"es"},{"@type":"Organization","@id":"https:\/\/www.ajimez.es\/#organization","name":"Ajimez turismo Llerena","url":"https:\/\/www.ajimez.es\/","logo":{"@type":"ImageObject","inLanguage":"es","@id":"https:\/\/www.ajimez.es\/#\/schema\/logo\/image\/","url":"https:\/\/www.ajimez.es\/wp-content\/uploads\/2022\/12\/cropped-LETRAS.jpg","contentUrl":"https:\/\/www.ajimez.es\/wp-content\/uploads\/2022\/12\/cropped-LETRAS.jpg","width":654,"height":322,"caption":"Ajimez turismo Llerena"},"image":{"@id":"https:\/\/www.ajimez.es\/#\/schema\/logo\/image\/"}}]}},"_links":{"self":[{"href":"https:\/\/www.ajimez.es\/index.php\/wp-json\/wp\/v2\/pages\/1364","targetHints":{"allow":["GET"]}}],"collection":[{"href":"https:\/\/www.ajimez.es\/index.php\/wp-json\/wp\/v2\/pages"}],"about":[{"href":"https:\/\/www.ajimez.es\/index.php\/wp-json\/wp\/v2\/types\/page"}],"author":[{"embeddable":true,"href":"https:\/\/www.ajimez.es\/index.php\/wp-json\/wp\/v2\/users\/1"}],"replies":[{"embeddable":true,"href":"https:\/\/www.ajimez.es\/index.php\/wp-json\/wp\/v2\/comments?post=1364"}],"version-history":[{"count":73,"href":"https:\/\/www.ajimez.es\/index.php\/wp-json\/wp\/v2\/pages\/1364\/revisions"}],"predecessor-version":[{"id":1725,"href":"https:\/\/www.ajimez.es\/index.php\/wp-json\/wp\/v2\/pages\/1364\/revisions\/1725"}],"wp:attachment":[{"href":"https:\/\/www.ajimez.es\/index.php\/wp-json\/wp\/v2\/media?parent=1364"}],"curies":[{"name":"wp","href":"https:\/\/api.w.org\/{rel}","templated":true}]}}