{"id":1365,"date":"2022-12-30T19:41:16","date_gmt":"2022-12-30T19:41:16","guid":{"rendered":"https:\/\/www.ajimez.es\/?page_id=1365"},"modified":"2025-02-05T23:00:50","modified_gmt":"2025-02-05T23:00:50","slug":"ruta-por-la-iglesia-de-la-granada","status":"publish","type":"page","link":"https:\/\/www.ajimez.es\/index.php\/ruta-por-la-iglesia-de-la-granada\/","title":{"rendered":"Ruta por la Granada"},"content":{"rendered":"\t\t<div data-elementor-type=\"wp-page\" data-elementor-id=\"1365\" class=\"elementor elementor-1365\">\n\t\t\t\t\t\t<section class=\"elementor-section elementor-top-section elementor-element elementor-element-21b1b4a2 elementor-section-height-min-height elementor-section-items-stretch elementor-section-content-bottom elementor-reverse-tablet elementor-section-boxed elementor-section-height-default\" data-id=\"21b1b4a2\" data-element_type=\"section\" data-settings=\"{&quot;background_background&quot;:&quot;classic&quot;}\">\n\t\t\t\t\t\t<div class=\"elementor-container elementor-column-gap-no\">\n\t\t\t\t\t<div class=\"elementor-column elementor-col-50 elementor-top-column elementor-element elementor-element-356e17dc\" data-id=\"356e17dc\" data-element_type=\"column\">\n\t\t\t<div class=\"elementor-widget-wrap\">\n\t\t\t\t\t\t\t<\/div>\n\t\t<\/div>\n\t\t\t\t<div class=\"elementor-column elementor-col-50 elementor-top-column elementor-element elementor-element-5bedd1e1\" data-id=\"5bedd1e1\" data-element_type=\"column\" data-settings=\"{&quot;background_background&quot;:&quot;classic&quot;}\">\n\t\t\t<div class=\"elementor-widget-wrap elementor-element-populated\">\n\t\t\t\t\t\t<div class=\"elementor-element elementor-element-3b8ceefd elementor-invisible elementor-widget elementor-widget-heading\" data-id=\"3b8ceefd\" data-element_type=\"widget\" data-settings=\"{&quot;_animation&quot;:&quot;fadeInUp&quot;,&quot;_animation_delay&quot;:200}\" data-widget_type=\"heading.default\">\n\t\t\t\t<div class=\"elementor-widget-container\">\n\t\t\t\t\t<h1 class=\"elementor-heading-title elementor-size-default\">La Granada a fondo<\/h1>\t\t\t\t<\/div>\n\t\t\t\t<\/div>\n\t\t\t\t<div class=\"elementor-element elementor-element-6179f10f elementor-invisible elementor-widget elementor-widget-text-editor\" data-id=\"6179f10f\" data-element_type=\"widget\" data-settings=\"{&quot;_animation&quot;:&quot;fadeInUp&quot;,&quot;_animation_delay&quot;:400}\" data-widget_type=\"text-editor.default\">\n\t\t\t\t<div class=\"elementor-widget-container\">\n\t\t\t\t\t\t\t\t\t<p>Conoce a fondo el principal s\u00edmbolo de Llerena, la Iglesia de Nuestra Se\u00f1ora de la Granada. Un edificio muy singular y muy presente en la vida de todo llerenense.<\/p>\t\t\t\t\t\t\t\t<\/div>\n\t\t\t\t<\/div>\n\t\t\t\t<div class=\"elementor-element elementor-element-479ec5f4 elementor-widget__width-initial elementor-widget-tablet__width-inherit elementor-widget-mobile__width-inherit elementor-absolute elementor-widget elementor-widget-spacer\" data-id=\"479ec5f4\" data-element_type=\"widget\" data-settings=\"{&quot;_position&quot;:&quot;absolute&quot;}\" data-widget_type=\"spacer.default\">\n\t\t\t\t<div class=\"elementor-widget-container\">\n\t\t\t\t\t\t\t<div class=\"elementor-spacer\">\n\t\t\t<div class=\"elementor-spacer-inner\"><\/div>\n\t\t<\/div>\n\t\t\t\t\t\t<\/div>\n\t\t\t\t<\/div>\n\t\t\t\t\t<\/div>\n\t\t<\/div>\n\t\t\t\t\t<\/div>\n\t\t<\/section>\n\t\t\t\t<section class=\"elementor-section elementor-top-section elementor-element elementor-element-b0ea10f elementor-section-height-min-height elementor-section-items-stretch elementor-section-content-middle elementor-section-boxed elementor-section-height-default\" data-id=\"b0ea10f\" data-element_type=\"section\" data-settings=\"{&quot;background_background&quot;:&quot;classic&quot;}\">\n\t\t\t\t\t\t<div class=\"elementor-container elementor-column-gap-no\">\n\t\t\t\t\t<div class=\"elementor-column elementor-col-100 elementor-top-column elementor-element elementor-element-3aa9d0ec\" data-id=\"3aa9d0ec\" data-element_type=\"column\" data-settings=\"{&quot;background_background&quot;:&quot;classic&quot;}\">\n\t\t\t<div class=\"elementor-widget-wrap elementor-element-populated\">\n\t\t\t\t\t\t<div class=\"elementor-element elementor-element-6e50c985 elementor-invisible elementor-widget elementor-widget-heading\" data-id=\"6e50c985\" data-element_type=\"widget\" data-settings=\"{&quot;_animation&quot;:&quot;fadeIn&quot;,&quot;_animation_delay&quot;:400}\" data-widget_type=\"heading.default\">\n\t\t\t\t<div class=\"elementor-widget-container\">\n\t\t\t\t\t<h2 class=\"elementor-heading-title elementor-size-default\">La Granada<\/h2>\t\t\t\t<\/div>\n\t\t\t\t<\/div>\n\t\t\t\t<div class=\"elementor-element elementor-element-494bbee elementor-invisible elementor-widget elementor-widget-text-editor\" data-id=\"494bbee\" data-element_type=\"widget\" data-settings=\"{&quot;_animation&quot;:&quot;fadeIn&quot;,&quot;_animation_delay&quot;:600}\" data-widget_type=\"text-editor.default\">\n\t\t\t\t<div class=\"elementor-widget-container\">\n\t\t\t\t\t\t\t\t\t<p>En este recorrido de aproximadamente 2 horas podremos conocer a fondo todo lo que se sabe de la Iglesia de la Granada; su origen, su evoluci\u00f3n, sus personajes destacados y sus mitos y leyendas.<\/p><p>\u00a0<\/p><p>Desde su enclave, la Plaza Mayor, hasta su campanario, conoce todo sobre esta iglesia.<\/p><p>Disfrutaremos del enorme tesoro art\u00edstico que atesora el monumento. Solo por enumerar algunos&#8230;<\/p><p>&#8211; Capilla de los Zapata.<\/p><p>&#8211; Capilla del prior.<\/p><p>&#8211; Cristo crucificado de F. de Zurbar\u00e1n.<\/p><p>&#8211; Conjunto de retablos y esculturas.<\/p><p>&#8211; Mosaicos de azulejos.<\/p><p><span style=\"font-style: inherit; font-weight: inherit; letter-spacing: 0px;\">&#8211; Colecci\u00f3n de plater\u00eda.<\/span><\/p><p><span style=\"font-style: inherit; font-weight: inherit; letter-spacing: 0px;\">\u00a0<\/span><\/p><p><span style=\"font-style: inherit; font-weight: inherit; letter-spacing: 0px;\">Pero quiz\u00e1s lo m\u00e1s interesante ser\u00e1 subir a su preciosa torre y disfrutar de unas vistas de Llerena inigualables.<\/span><\/p><p><span style=\"font-style: inherit; font-weight: inherit; letter-spacing: 0px;\">\u00a0<\/span><\/p><p>\u00a0<\/p><p>\u00bfQuieres saber m\u00e1s? Disfruta a fondo de este lugar m\u00e1gico.<\/p><p>\u00a0<\/p>\t\t\t\t\t\t\t\t<\/div>\n\t\t\t\t<\/div>\n\t\t\t\t\t<\/div>\n\t\t<\/div>\n\t\t\t\t\t<\/div>\n\t\t<\/section>\n\t\t\t\t<section class=\"elementor-section elementor-top-section elementor-element elementor-element-4dddeb00 elementor-section-full_width elementor-section-height-min-height elementor-section-items-stretch elementor-section-content-middle elementor-section-height-default\" data-id=\"4dddeb00\" data-element_type=\"section\">\n\t\t\t\t\t\t<div class=\"elementor-container elementor-column-gap-no\">\n\t\t\t\t\t<div class=\"elementor-column elementor-col-100 elementor-top-column elementor-element elementor-element-2f8eea28\" data-id=\"2f8eea28\" data-element_type=\"column\">\n\t\t\t<div class=\"elementor-widget-wrap elementor-element-populated\">\n\t\t\t\t\t\t<div class=\"elementor-element elementor-element-4bc24de4 elementor-widget__width-initial elementor-absolute elementor-invisible elementor-widget elementor-widget-image\" data-id=\"4bc24de4\" data-element_type=\"widget\" data-settings=\"{&quot;_animation&quot;:&quot;slideInLeft&quot;,&quot;_position&quot;:&quot;absolute&quot;}\" data-widget_type=\"image.default\">\n\t\t\t\t<div class=\"elementor-widget-container\">\n\t\t\t\t\t\t\t\t\t\t\t\t\t\t\t<img fetchpriority=\"high\" decoding=\"async\" width=\"768\" height=\"1024\" src=\"https:\/\/www.ajimez.es\/wp-content\/uploads\/2025\/02\/Cristocruz-zurbaran-en-Llerena-768x1024.jpg\" class=\"attachment-large size-large wp-image-1693\" alt=\"Pintura de Francisco de Zurbar\u00e1n en Llerena\" srcset=\"https:\/\/www.ajimez.es\/wp-content\/uploads\/2025\/02\/Cristocruz-zurbaran-en-Llerena-768x1024.jpg 768w, https:\/\/www.ajimez.es\/wp-content\/uploads\/2025\/02\/Cristocruz-zurbaran-en-Llerena-225x300.jpg 225w, https:\/\/www.ajimez.es\/wp-content\/uploads\/2025\/02\/Cristocruz-zurbaran-en-Llerena-1152x1536.jpg 1152w, https:\/\/www.ajimez.es\/wp-content\/uploads\/2025\/02\/Cristocruz-zurbaran-en-Llerena-1536x2048.jpg 1536w, https:\/\/www.ajimez.es\/wp-content\/uploads\/2025\/02\/Cristocruz-zurbaran-en-Llerena-scaled.jpg 1920w\" sizes=\"(max-width: 768px) 100vw, 768px\" \/>\t\t\t\t\t\t\t\t\t\t\t\t\t\t\t<\/div>\n\t\t\t\t<\/div>\n\t\t\t\t<section class=\"elementor-section elementor-inner-section elementor-element elementor-element-4741acec elementor-section-height-min-height elementor-section-content-middle elementor-section-boxed elementor-section-height-default\" data-id=\"4741acec\" data-element_type=\"section\" data-settings=\"{&quot;background_background&quot;:&quot;classic&quot;}\">\n\t\t\t\t\t\t<div class=\"elementor-container elementor-column-gap-no\">\n\t\t\t\t\t<div class=\"elementor-column elementor-col-100 elementor-inner-column elementor-element elementor-element-2f5db262\" data-id=\"2f5db262\" data-element_type=\"column\">\n\t\t\t<div class=\"elementor-widget-wrap elementor-element-populated\">\n\t\t\t\t\t\t<div class=\"elementor-element elementor-element-6d9cd50c elementor-invisible elementor-widget elementor-widget-heading\" data-id=\"6d9cd50c\" data-element_type=\"widget\" data-settings=\"{&quot;_animation&quot;:&quot;fadeIn&quot;}\" data-widget_type=\"heading.default\">\n\t\t\t\t<div class=\"elementor-widget-container\">\n\t\t\t\t\t<h2 class=\"elementor-heading-title elementor-size-default\">\u00bfQu\u00e9 incluye esta ruta?<\/h2>\t\t\t\t<\/div>\n\t\t\t\t<\/div>\n\t\t\t\t<div class=\"elementor-element elementor-element-3d51e4d5 elementor-invisible elementor-widget elementor-widget-text-editor\" data-id=\"3d51e4d5\" data-element_type=\"widget\" data-settings=\"{&quot;_animation&quot;:&quot;fadeIn&quot;,&quot;_animation_delay&quot;:200}\" data-widget_type=\"text-editor.default\">\n\t\t\t\t<div class=\"elementor-widget-container\">\n\t\t\t\t\t\t\t\t\t<p>&#8211; Visita a la Plaza Mayor.<\/p><p>&#8211; Visita exterior de la iglesia de la Granada.<\/p><p>&#8211; Entrada y visita interior de la iglesia de la Granada.<\/p><p>&#8211; Subida a la torre.<\/p>\t\t\t\t\t\t\t\t<\/div>\n\t\t\t\t<\/div>\n\t\t\t\t\t<\/div>\n\t\t<\/div>\n\t\t\t\t\t<\/div>\n\t\t<\/section>\n\t\t\t\t\t<\/div>\n\t\t<\/div>\n\t\t\t\t\t<\/div>\n\t\t<\/section>\n\t\t\t\t<\/div>\n\t\t","protected":false},"excerpt":{"rendered":"<p>La Granada a fondo Conoce a fondo el principal s\u00edmbolo de Llerena, la Iglesia de Nuestra Se\u00f1ora de la Granada. Un edificio muy singular y muy presente en la vida de todo llerenense. La Granada En este recorrido de aproximadamente 2 horas podremos conocer a fondo todo lo que se sabe de la Iglesia de &hellip;<\/p>\n<p class=\"read-more\"> <a class=\"\" href=\"https:\/\/www.ajimez.es\/index.php\/ruta-por-la-iglesia-de-la-granada\/\"> <span class=\"screen-reader-text\">Ruta por la Granada<\/span> Leer m\u00e1s &raquo;<\/a><\/p>\n","protected":false},"author":1,"featured_media":0,"parent":0,"menu_order":0,"comment_status":"closed","ping_status":"closed","template":"","meta":{"site-sidebar-layout":"no-sidebar","site-content-layout":"page-builder","ast-global-header-display":"","ast-main-header-display":"","ast-hfb-above-header-display":"","ast-hfb-below-header-display":"","ast-hfb-mobile-header-display":"","site-post-title":"disabled","ast-breadcrumbs-content":"","ast-featured-img":"disabled","footer-sml-layout":"","theme-transparent-header-meta":"","adv-header-id-meta":"","stick-header-meta":"","header-above-stick-meta":"","header-main-stick-meta":"","header-below-stick-meta":"","footnotes":""},"class_list":["post-1365","page","type-page","status-publish","hentry"],"yoast_head":"<!-- This site is optimized with the Yoast SEO plugin v21.0 - https:\/\/yoast.com\/wordpress\/plugins\/seo\/ -->\n<title>Ruta por la Granada - Ajimez turismo Llerena<\/title>\n<meta name=\"description\" content=\"Una aut\u00e9ntica joya en Llerena. Por ella dejaron su impronta innumerables artistas, destacando Zurbar\u00e1n. Leyendas, historias... \u00a1Con\u00f3cela!\" \/>\n<meta name=\"robots\" content=\"index, follow, max-snippet:-1, max-image-preview:large, max-video-preview:-1\" \/>\n<link rel=\"canonical\" href=\"https:\/\/www.ajimez.es\/index.php\/ruta-por-la-iglesia-de-la-granada\/\" \/>\n<meta property=\"og:locale\" content=\"es_ES\" \/>\n<meta property=\"og:type\" content=\"article\" \/>\n<meta property=\"og:title\" content=\"Ruta por la Granada - Ajimez turismo Llerena\" \/>\n<meta property=\"og:description\" content=\"Una aut\u00e9ntica joya en Llerena. Por ella dejaron su impronta innumerables artistas, destacando Zurbar\u00e1n. Leyendas, historias... \u00a1Con\u00f3cela!\" \/>\n<meta property=\"og:url\" content=\"https:\/\/www.ajimez.es\/index.php\/ruta-por-la-iglesia-de-la-granada\/\" \/>\n<meta property=\"og:site_name\" content=\"Ajimez turismo Llerena\" \/>\n<meta property=\"article:modified_time\" content=\"2025-02-05T23:00:50+00:00\" \/>\n<meta property=\"og:image\" content=\"https:\/\/www.ajimez.es\/wp-content\/uploads\/2025\/02\/Cristocruz-zurbaran-en-Llerena-768x1024.jpg\" \/>\n<meta name=\"twitter:card\" content=\"summary_large_image\" \/>\n<meta name=\"twitter:label1\" content=\"Tiempo de lectura\" \/>\n\t<meta name=\"twitter:data1\" content=\"2 minutos\" \/>\n<script type=\"application\/ld+json\" class=\"yoast-schema-graph\">{\"@context\":\"https:\/\/schema.org\",\"@graph\":[{\"@type\":\"WebPage\",\"@id\":\"https:\/\/www.ajimez.es\/index.php\/ruta-por-la-iglesia-de-la-granada\/\",\"url\":\"https:\/\/www.ajimez.es\/index.php\/ruta-por-la-iglesia-de-la-granada\/\",\"name\":\"Ruta por la Granada - Ajimez turismo Llerena\",\"isPartOf\":{\"@id\":\"https:\/\/www.ajimez.es\/#website\"},\"datePublished\":\"2022-12-30T19:41:16+00:00\",\"dateModified\":\"2025-02-05T23:00:50+00:00\",\"description\":\"Una aut\u00e9ntica joya en Llerena. Por ella dejaron su impronta innumerables artistas, destacando Zurbar\u00e1n. Leyendas, historias... \u00a1Con\u00f3cela!\",\"breadcrumb\":{\"@id\":\"https:\/\/www.ajimez.es\/index.php\/ruta-por-la-iglesia-de-la-granada\/#breadcrumb\"},\"inLanguage\":\"es\",\"potentialAction\":[{\"@type\":\"ReadAction\",\"target\":[\"https:\/\/www.ajimez.es\/index.php\/ruta-por-la-iglesia-de-la-granada\/\"]}]},{\"@type\":\"BreadcrumbList\",\"@id\":\"https:\/\/www.ajimez.es\/index.php\/ruta-por-la-iglesia-de-la-granada\/#breadcrumb\",\"itemListElement\":[{\"@type\":\"ListItem\",\"position\":1,\"name\":\"Portada\",\"item\":\"https:\/\/www.ajimez.es\/\"},{\"@type\":\"ListItem\",\"position\":2,\"name\":\"Ruta por la Granada\"}]},{\"@type\":\"WebSite\",\"@id\":\"https:\/\/www.ajimez.es\/#website\",\"url\":\"https:\/\/www.ajimez.es\/\",\"name\":\"Ajimez turismo Llerena\",\"description\":\"Visitas guiadas por Llerena y el sur de Extremadura\",\"publisher\":{\"@id\":\"https:\/\/www.ajimez.es\/#organization\"},\"potentialAction\":[{\"@type\":\"SearchAction\",\"target\":{\"@type\":\"EntryPoint\",\"urlTemplate\":\"https:\/\/www.ajimez.es\/?s={search_term_string}\"},\"query-input\":\"required name=search_term_string\"}],\"inLanguage\":\"es\"},{\"@type\":\"Organization\",\"@id\":\"https:\/\/www.ajimez.es\/#organization\",\"name\":\"Ajimez turismo Llerena\",\"url\":\"https:\/\/www.ajimez.es\/\",\"logo\":{\"@type\":\"ImageObject\",\"inLanguage\":\"es\",\"@id\":\"https:\/\/www.ajimez.es\/#\/schema\/logo\/image\/\",\"url\":\"https:\/\/www.ajimez.es\/wp-content\/uploads\/2022\/12\/cropped-LETRAS.jpg\",\"contentUrl\":\"https:\/\/www.ajimez.es\/wp-content\/uploads\/2022\/12\/cropped-LETRAS.jpg\",\"width\":654,\"height\":322,\"caption\":\"Ajimez turismo Llerena\"},\"image\":{\"@id\":\"https:\/\/www.ajimez.es\/#\/schema\/logo\/image\/\"}}]}<\/script>\n<!-- \/ Yoast SEO plugin. -->","yoast_head_json":{"title":"Ruta por la Granada - Ajimez turismo Llerena","description":"Una aut\u00e9ntica joya en Llerena. Por ella dejaron su impronta innumerables artistas, destacando Zurbar\u00e1n. Leyendas, historias... \u00a1Con\u00f3cela!","robots":{"index":"index","follow":"follow","max-snippet":"max-snippet:-1","max-image-preview":"max-image-preview:large","max-video-preview":"max-video-preview:-1"},"canonical":"https:\/\/www.ajimez.es\/index.php\/ruta-por-la-iglesia-de-la-granada\/","og_locale":"es_ES","og_type":"article","og_title":"Ruta por la Granada - Ajimez turismo Llerena","og_description":"Una aut\u00e9ntica joya en Llerena. Por ella dejaron su impronta innumerables artistas, destacando Zurbar\u00e1n. Leyendas, historias... \u00a1Con\u00f3cela!","og_url":"https:\/\/www.ajimez.es\/index.php\/ruta-por-la-iglesia-de-la-granada\/","og_site_name":"Ajimez turismo Llerena","article_modified_time":"2025-02-05T23:00:50+00:00","og_image":[{"url":"https:\/\/www.ajimez.es\/wp-content\/uploads\/2025\/02\/Cristocruz-zurbaran-en-Llerena-768x1024.jpg"}],"twitter_card":"summary_large_image","twitter_misc":{"Tiempo de lectura":"2 minutos"},"schema":{"@context":"https:\/\/schema.org","@graph":[{"@type":"WebPage","@id":"https:\/\/www.ajimez.es\/index.php\/ruta-por-la-iglesia-de-la-granada\/","url":"https:\/\/www.ajimez.es\/index.php\/ruta-por-la-iglesia-de-la-granada\/","name":"Ruta por la Granada - Ajimez turismo Llerena","isPartOf":{"@id":"https:\/\/www.ajimez.es\/#website"},"datePublished":"2022-12-30T19:41:16+00:00","dateModified":"2025-02-05T23:00:50+00:00","description":"Una aut\u00e9ntica joya en Llerena. Por ella dejaron su impronta innumerables artistas, destacando Zurbar\u00e1n. Leyendas, historias... \u00a1Con\u00f3cela!","breadcrumb":{"@id":"https:\/\/www.ajimez.es\/index.php\/ruta-por-la-iglesia-de-la-granada\/#breadcrumb"},"inLanguage":"es","potentialAction":[{"@type":"ReadAction","target":["https:\/\/www.ajimez.es\/index.php\/ruta-por-la-iglesia-de-la-granada\/"]}]},{"@type":"BreadcrumbList","@id":"https:\/\/www.ajimez.es\/index.php\/ruta-por-la-iglesia-de-la-granada\/#breadcrumb","itemListElement":[{"@type":"ListItem","position":1,"name":"Portada","item":"https:\/\/www.ajimez.es\/"},{"@type":"ListItem","position":2,"name":"Ruta por la Granada"}]},{"@type":"WebSite","@id":"https:\/\/www.ajimez.es\/#website","url":"https:\/\/www.ajimez.es\/","name":"Ajimez turismo Llerena","description":"Visitas guiadas por Llerena y el sur de Extremadura","publisher":{"@id":"https:\/\/www.ajimez.es\/#organization"},"potentialAction":[{"@type":"SearchAction","target":{"@type":"EntryPoint","urlTemplate":"https:\/\/www.ajimez.es\/?s={search_term_string}"},"query-input":"required name=search_term_string"}],"inLanguage":"es"},{"@type":"Organization","@id":"https:\/\/www.ajimez.es\/#organization","name":"Ajimez turismo Llerena","url":"https:\/\/www.ajimez.es\/","logo":{"@type":"ImageObject","inLanguage":"es","@id":"https:\/\/www.ajimez.es\/#\/schema\/logo\/image\/","url":"https:\/\/www.ajimez.es\/wp-content\/uploads\/2022\/12\/cropped-LETRAS.jpg","contentUrl":"https:\/\/www.ajimez.es\/wp-content\/uploads\/2022\/12\/cropped-LETRAS.jpg","width":654,"height":322,"caption":"Ajimez turismo Llerena"},"image":{"@id":"https:\/\/www.ajimez.es\/#\/schema\/logo\/image\/"}}]}},"_links":{"self":[{"href":"https:\/\/www.ajimez.es\/index.php\/wp-json\/wp\/v2\/pages\/1365","targetHints":{"allow":["GET"]}}],"collection":[{"href":"https:\/\/www.ajimez.es\/index.php\/wp-json\/wp\/v2\/pages"}],"about":[{"href":"https:\/\/www.ajimez.es\/index.php\/wp-json\/wp\/v2\/types\/page"}],"author":[{"embeddable":true,"href":"https:\/\/www.ajimez.es\/index.php\/wp-json\/wp\/v2\/users\/1"}],"replies":[{"embeddable":true,"href":"https:\/\/www.ajimez.es\/index.php\/wp-json\/wp\/v2\/comments?post=1365"}],"version-history":[{"count":21,"href":"https:\/\/www.ajimez.es\/index.php\/wp-json\/wp\/v2\/pages\/1365\/revisions"}],"predecessor-version":[{"id":1700,"href":"https:\/\/www.ajimez.es\/index.php\/wp-json\/wp\/v2\/pages\/1365\/revisions\/1700"}],"wp:attachment":[{"href":"https:\/\/www.ajimez.es\/index.php\/wp-json\/wp\/v2\/media?parent=1365"}],"curies":[{"name":"wp","href":"https:\/\/api.w.org\/{rel}","templated":true}]}}