{"id":1448,"date":"2023-01-13T15:58:39","date_gmt":"2023-01-13T15:58:39","guid":{"rendered":"https:\/\/www.ajimez.es\/?page_id=1448"},"modified":"2024-12-04T13:19:36","modified_gmt":"2024-12-04T13:19:36","slug":"ruta-de-la-inquisicion","status":"publish","type":"page","link":"https:\/\/www.ajimez.es\/index.php\/ruta-de-la-inquisicion\/","title":{"rendered":"Ruta de la Inquisici\u00f3n"},"content":{"rendered":"\t\t<div data-elementor-type=\"wp-page\" data-elementor-id=\"1448\" class=\"elementor elementor-1448\">\n\t\t\t\t\t\t<section class=\"elementor-section elementor-top-section elementor-element elementor-element-fa8956c elementor-section-height-min-height elementor-section-items-stretch elementor-section-content-bottom elementor-reverse-tablet elementor-section-boxed elementor-section-height-default\" data-id=\"fa8956c\" data-element_type=\"section\" data-settings=\"{&quot;background_background&quot;:&quot;classic&quot;}\">\n\t\t\t\t\t\t<div class=\"elementor-container elementor-column-gap-no\">\n\t\t\t\t\t<div class=\"elementor-column elementor-col-50 elementor-top-column elementor-element elementor-element-11ae5b4\" data-id=\"11ae5b4\" data-element_type=\"column\">\n\t\t\t<div class=\"elementor-widget-wrap\">\n\t\t\t\t\t\t\t<\/div>\n\t\t<\/div>\n\t\t\t\t<div class=\"elementor-column elementor-col-50 elementor-top-column elementor-element elementor-element-389c0d62\" data-id=\"389c0d62\" data-element_type=\"column\" data-settings=\"{&quot;background_background&quot;:&quot;classic&quot;}\">\n\t\t\t<div class=\"elementor-widget-wrap elementor-element-populated\">\n\t\t\t\t\t\t<div class=\"elementor-element elementor-element-4071cbf5 elementor-invisible elementor-widget elementor-widget-heading\" data-id=\"4071cbf5\" data-element_type=\"widget\" data-settings=\"{&quot;_animation&quot;:&quot;fadeInUp&quot;,&quot;_animation_delay&quot;:200}\" data-widget_type=\"heading.default\">\n\t\t\t\t<div class=\"elementor-widget-container\">\n\t\t\t\t\t<h1 class=\"elementor-heading-title elementor-size-default\">La inquisici\u00f3n en Llerena<\/h1>\t\t\t\t<\/div>\n\t\t\t\t<\/div>\n\t\t\t\t<div class=\"elementor-element elementor-element-1c7e3c2c elementor-invisible elementor-widget elementor-widget-text-editor\" data-id=\"1c7e3c2c\" data-element_type=\"widget\" data-settings=\"{&quot;_animation&quot;:&quot;fadeInUp&quot;,&quot;_animation_delay&quot;:400}\" data-widget_type=\"text-editor.default\">\n\t\t\t\t<div class=\"elementor-widget-container\">\n\t\t\t\t\t\t\t\t\t<p>La Inquisici\u00f3n espa\u00f1ola tuvo presencia en la ciudad desde su fundaci\u00f3n hasta se desaparici\u00f3n. Descubre el lugar que ocup\u00f3 el Tribunal del Santo Oficio de la Inquisici\u00f3n en Llerena. \u00bfQu\u00e9 hay de leyenda y de realidad en torno a esta instituci\u00f3n?<\/p>\t\t\t\t\t\t\t\t<\/div>\n\t\t\t\t<\/div>\n\t\t\t\t<div class=\"elementor-element elementor-element-79d55bf0 elementor-widget__width-initial elementor-widget-tablet__width-inherit elementor-widget-mobile__width-inherit elementor-absolute elementor-widget elementor-widget-spacer\" data-id=\"79d55bf0\" data-element_type=\"widget\" data-settings=\"{&quot;_position&quot;:&quot;absolute&quot;}\" data-widget_type=\"spacer.default\">\n\t\t\t\t<div class=\"elementor-widget-container\">\n\t\t\t\t\t\t\t<div class=\"elementor-spacer\">\n\t\t\t<div class=\"elementor-spacer-inner\"><\/div>\n\t\t<\/div>\n\t\t\t\t\t\t<\/div>\n\t\t\t\t<\/div>\n\t\t\t\t\t<\/div>\n\t\t<\/div>\n\t\t\t\t\t<\/div>\n\t\t<\/section>\n\t\t\t\t<section class=\"elementor-section elementor-top-section elementor-element elementor-element-3285dce3 elementor-section-height-min-height elementor-section-items-stretch elementor-section-content-middle elementor-section-boxed elementor-section-height-default\" data-id=\"3285dce3\" data-element_type=\"section\" data-settings=\"{&quot;background_background&quot;:&quot;classic&quot;}\">\n\t\t\t\t\t\t<div class=\"elementor-container elementor-column-gap-no\">\n\t\t\t\t\t<div class=\"elementor-column elementor-col-100 elementor-top-column elementor-element elementor-element-72316fbc\" data-id=\"72316fbc\" data-element_type=\"column\" data-settings=\"{&quot;background_background&quot;:&quot;classic&quot;}\">\n\t\t\t<div class=\"elementor-widget-wrap elementor-element-populated\">\n\t\t\t\t\t\t<div class=\"elementor-element elementor-element-29d7fe12 elementor-invisible elementor-widget elementor-widget-heading\" data-id=\"29d7fe12\" data-element_type=\"widget\" data-settings=\"{&quot;_animation&quot;:&quot;fadeIn&quot;,&quot;_animation_delay&quot;:400}\" data-widget_type=\"heading.default\">\n\t\t\t\t<div class=\"elementor-widget-container\">\n\t\t\t\t\t<h2 class=\"elementor-heading-title elementor-size-default\">Itinerario<\/h2>\t\t\t\t<\/div>\n\t\t\t\t<\/div>\n\t\t\t\t<div class=\"elementor-element elementor-element-555b48e4 elementor-invisible elementor-widget elementor-widget-text-editor\" data-id=\"555b48e4\" data-element_type=\"widget\" data-settings=\"{&quot;_animation&quot;:&quot;fadeIn&quot;,&quot;_animation_delay&quot;:600}\" data-widget_type=\"text-editor.default\">\n\t\t\t\t<div class=\"elementor-widget-container\">\n\t\t\t\t\t\t\t\t\t<p style=\"text-align: left;\">Comenzaremos este&nbsp;<b>tour de la Inquisici\u00f3n por Llerena<\/b>&nbsp;en el&nbsp;<b>Paseo Cieza de Le\u00f3n<\/b>, junto a las&nbsp;<b>murallas.<\/b><\/p><p style=\"text-align: left;\"><b><br><\/b><\/p>\n<p class=\"new-fading-text__hidden-element\">En primer lugar, nos dirigiremos al&nbsp;<b>Palacio de los Zapata<\/b>. Aqu\u00ed se encuentra el actual&nbsp;<b>Palacio de Justicia<\/b>&nbsp;de Llerena. Sin embargo, en el siglo XV alberg\u00f3 la&nbsp;<b>sede del Tribunal del Santo Oficio<\/b>. Numerosos inquisidores generales residieron en este edificio, donde tambi\u00e9n se encontraban las&nbsp;<b>salas de tortura<\/b>&nbsp;y las&nbsp;<b>c\u00e1rceles<\/b>.<\/p>\n<p class=\"new-fading-text__hidden-element\">Continuaremos el tour por visitando la&nbsp;<b>Casa Maestral<\/b>. En este lugar, segunda residencia de los inquisidores locales, se han conservado dibujos que fueron grabados por los presos en las paredes de las mazmorras. A tan solo unos metros est\u00e1 la&nbsp;<b>Plaza Mayor<\/b>, donde conoceremos la historia de los&nbsp;<b>autos de fe<\/b>&nbsp;que se celebraban en esta explanada.<\/p>\n<p class=\"new-fading-text__hidden-element\">En la misma plaza se encuentra la&nbsp;<b>iglesia de Nuestra Se\u00f1ora de la Granada<\/b>, cuyas balconadas serv\u00edan de palcos para contemplar&nbsp;los autos de fe que se celebraban frente al templo. \u00bfEn qu\u00e9 consist\u00edan estos eventos p\u00fablicos? \u00bfC\u00f3mo eran conducidos los reos hasta ellos? Descubriremos todas estas cuestiones durante el recorrido.<\/p>\n<p class=\"new-fading-text__hidden-element\">La siguiente parada tendr\u00e1 lugar en el&nbsp;<b>Palacio Episcopal<\/b>, que hoy alberga el&nbsp;<b>Museo Hist\u00f3rico de Llerena<\/b>. En su interior observaremos una maqueta que nos ayudar\u00e1 a entender mejor el procedimiento de los autos de fe que ten\u00edan lugar en la plaza. Adem\u00e1s, contemplaremos una destacada&nbsp;<b>muestra de pinturas mud\u00e9jares murales<\/b>.<\/p>\n<p class=\"new-fading-text__hidden-element\">Finalmente, tras dos horas de recorrido, concluiremos el tour por Llerena en la&nbsp;<b>calle Zapater\u00eda<\/b>, junto al Palacio Episcopal.<\/p>\t\t\t\t\t\t\t\t<\/div>\n\t\t\t\t<\/div>\n\t\t\t\t\t<\/div>\n\t\t<\/div>\n\t\t\t\t\t<\/div>\n\t\t<\/section>\n\t\t\t\t<section class=\"elementor-section elementor-top-section elementor-element elementor-element-5fdee619 elementor-section-full_width elementor-section-height-min-height elementor-section-items-stretch elementor-section-content-middle elementor-section-height-default\" data-id=\"5fdee619\" data-element_type=\"section\">\n\t\t\t\t\t\t<div class=\"elementor-container elementor-column-gap-no\">\n\t\t\t\t\t<div class=\"elementor-column elementor-col-100 elementor-top-column elementor-element elementor-element-95a260e\" data-id=\"95a260e\" data-element_type=\"column\">\n\t\t\t<div class=\"elementor-widget-wrap elementor-element-populated\">\n\t\t\t\t\t\t<div class=\"elementor-element elementor-element-3d0287ac elementor-widget__width-auto elementor-absolute elementor-invisible elementor-widget elementor-widget-image\" data-id=\"3d0287ac\" data-element_type=\"widget\" data-settings=\"{&quot;_animation&quot;:&quot;slideInLeft&quot;,&quot;_position&quot;:&quot;absolute&quot;}\" data-widget_type=\"image.default\">\n\t\t\t\t<div class=\"elementor-widget-container\">\n\t\t\t\t\t\t\t\t\t\t\t\t\t\t\t<img fetchpriority=\"high\" decoding=\"async\" width=\"576\" height=\"1024\" src=\"https:\/\/www.ajimez.es\/wp-content\/uploads\/2023\/01\/PHOTO-2022-11-21-15-19-03.jpg\" class=\"attachment-large size-large wp-image-1481\" alt=\"Palacio de justicia de Llerena. Zapata\" srcset=\"https:\/\/www.ajimez.es\/wp-content\/uploads\/2023\/01\/PHOTO-2022-11-21-15-19-03.jpg 576w, https:\/\/www.ajimez.es\/wp-content\/uploads\/2023\/01\/PHOTO-2022-11-21-15-19-03-169x300.jpg 169w\" sizes=\"(max-width: 576px) 100vw, 576px\" \/>\t\t\t\t\t\t\t\t\t\t\t\t\t\t\t<\/div>\n\t\t\t\t<\/div>\n\t\t\t\t<section class=\"elementor-section elementor-inner-section elementor-element elementor-element-3723c4a7 elementor-section-height-min-height elementor-section-content-middle elementor-section-boxed elementor-section-height-default\" data-id=\"3723c4a7\" data-element_type=\"section\" data-settings=\"{&quot;background_background&quot;:&quot;classic&quot;}\">\n\t\t\t\t\t\t<div class=\"elementor-container elementor-column-gap-no\">\n\t\t\t\t\t<div class=\"elementor-column elementor-col-100 elementor-inner-column elementor-element elementor-element-d0dbcc3\" data-id=\"d0dbcc3\" data-element_type=\"column\">\n\t\t\t<div class=\"elementor-widget-wrap elementor-element-populated\">\n\t\t\t\t\t\t<div class=\"elementor-element elementor-element-402a0890 elementor-invisible elementor-widget elementor-widget-heading\" data-id=\"402a0890\" data-element_type=\"widget\" data-settings=\"{&quot;_animation&quot;:&quot;fadeIn&quot;}\" data-widget_type=\"heading.default\">\n\t\t\t\t<div class=\"elementor-widget-container\">\n\t\t\t\t\t<h2 class=\"elementor-heading-title elementor-size-default\">\u00bfQu\u00e9 incluye este tour?<\/h2>\t\t\t\t<\/div>\n\t\t\t\t<\/div>\n\t\t\t\t<div class=\"elementor-element elementor-element-63b7e184 elementor-invisible elementor-widget elementor-widget-text-editor\" data-id=\"63b7e184\" data-element_type=\"widget\" data-settings=\"{&quot;_animation&quot;:&quot;fadeIn&quot;,&quot;_animation_delay&quot;:200}\" data-widget_type=\"text-editor.default\">\n\t\t\t\t<div class=\"elementor-widget-container\">\n\t\t\t\t\t\t\t\t\t<ul><li style=\"text-align: left;\">Ruta guiada especializada en la Inquisici\u00f3n durante todo el recorrido.<\/li><li style=\"text-align: left;\">Entradas a los monumentos (no incluido el Palacio Episcopal en horario de tarde y fin de semana).<\/li><\/ul>\t\t\t\t\t\t\t\t<\/div>\n\t\t\t\t<\/div>\n\t\t\t\t\t<\/div>\n\t\t<\/div>\n\t\t\t\t\t<\/div>\n\t\t<\/section>\n\t\t\t\t\t<\/div>\n\t\t<\/div>\n\t\t\t\t\t<\/div>\n\t\t<\/section>\n\t\t\t\t<\/div>\n\t\t","protected":false},"excerpt":{"rendered":"<p>La inquisici\u00f3n en Llerena La Inquisici\u00f3n espa\u00f1ola tuvo presencia en la ciudad desde su fundaci\u00f3n hasta se desaparici\u00f3n. Descubre el lugar que ocup\u00f3 el Tribunal del Santo Oficio de la Inquisici\u00f3n en Llerena. \u00bfQu\u00e9 hay de leyenda y de realidad en torno a esta instituci\u00f3n? Itinerario Comenzaremos este&nbsp;tour de la Inquisici\u00f3n por Llerena&nbsp;en el&nbsp;Paseo Cieza &hellip;<\/p>\n<p class=\"read-more\"> <a class=\"\" href=\"https:\/\/www.ajimez.es\/index.php\/ruta-de-la-inquisicion\/\"> <span class=\"screen-reader-text\">Ruta de la Inquisici\u00f3n<\/span> Leer m\u00e1s &raquo;<\/a><\/p>\n","protected":false},"author":1,"featured_media":0,"parent":0,"menu_order":0,"comment_status":"closed","ping_status":"closed","template":"","meta":{"site-sidebar-layout":"no-sidebar","site-content-layout":"page-builder","ast-global-header-display":"","ast-main-header-display":"","ast-hfb-above-header-display":"","ast-hfb-below-header-display":"","ast-hfb-mobile-header-display":"","site-post-title":"disabled","ast-breadcrumbs-content":"","ast-featured-img":"disabled","footer-sml-layout":"","theme-transparent-header-meta":"","adv-header-id-meta":"","stick-header-meta":"","header-above-stick-meta":"","header-main-stick-meta":"","header-below-stick-meta":"","footnotes":""},"class_list":["post-1448","page","type-page","status-publish","hentry"],"yoast_head":"<!-- This site is optimized with the Yoast SEO plugin v21.0 - https:\/\/yoast.com\/wordpress\/plugins\/seo\/ -->\n<title>Ruta de la Inquisici\u00f3n - Ajimez turismo Llerena<\/title>\n<meta name=\"robots\" content=\"index, follow, max-snippet:-1, max-image-preview:large, max-video-preview:-1\" \/>\n<link rel=\"canonical\" href=\"https:\/\/www.ajimez.es\/index.php\/ruta-de-la-inquisicion\/\" \/>\n<meta property=\"og:locale\" content=\"es_ES\" \/>\n<meta property=\"og:type\" content=\"article\" \/>\n<meta property=\"og:title\" content=\"Ruta de la Inquisici\u00f3n - Ajimez turismo Llerena\" \/>\n<meta property=\"og:description\" content=\"La inquisici\u00f3n en Llerena La Inquisici\u00f3n espa\u00f1ola tuvo presencia en la ciudad desde su fundaci\u00f3n hasta se desaparici\u00f3n. Descubre el lugar que ocup\u00f3 el Tribunal del Santo Oficio de la Inquisici\u00f3n en Llerena. \u00bfQu\u00e9 hay de leyenda y de realidad en torno a esta instituci\u00f3n? Itinerario Comenzaremos este&nbsp;tour de la Inquisici\u00f3n por Llerena&nbsp;en el&nbsp;Paseo Cieza &hellip; Ruta de la Inquisici\u00f3n Leer m\u00e1s &raquo;\" \/>\n<meta property=\"og:url\" content=\"https:\/\/www.ajimez.es\/index.php\/ruta-de-la-inquisicion\/\" \/>\n<meta property=\"og:site_name\" content=\"Ajimez turismo Llerena\" \/>\n<meta property=\"article:modified_time\" content=\"2024-12-04T13:19:36+00:00\" \/>\n<meta property=\"og:image\" content=\"https:\/\/www.ajimez.es\/wp-content\/uploads\/2023\/01\/PHOTO-2022-11-21-15-19-03.jpg\" \/>\n<meta name=\"twitter:card\" content=\"summary_large_image\" \/>\n<meta name=\"twitter:label1\" content=\"Tiempo de lectura\" \/>\n\t<meta name=\"twitter:data1\" content=\"2 minutos\" \/>\n<script type=\"application\/ld+json\" class=\"yoast-schema-graph\">{\"@context\":\"https:\/\/schema.org\",\"@graph\":[{\"@type\":\"WebPage\",\"@id\":\"https:\/\/www.ajimez.es\/index.php\/ruta-de-la-inquisicion\/\",\"url\":\"https:\/\/www.ajimez.es\/index.php\/ruta-de-la-inquisicion\/\",\"name\":\"Ruta de la Inquisici\u00f3n - Ajimez turismo Llerena\",\"isPartOf\":{\"@id\":\"https:\/\/www.ajimez.es\/#website\"},\"datePublished\":\"2023-01-13T15:58:39+00:00\",\"dateModified\":\"2024-12-04T13:19:36+00:00\",\"breadcrumb\":{\"@id\":\"https:\/\/www.ajimez.es\/index.php\/ruta-de-la-inquisicion\/#breadcrumb\"},\"inLanguage\":\"es\",\"potentialAction\":[{\"@type\":\"ReadAction\",\"target\":[\"https:\/\/www.ajimez.es\/index.php\/ruta-de-la-inquisicion\/\"]}]},{\"@type\":\"BreadcrumbList\",\"@id\":\"https:\/\/www.ajimez.es\/index.php\/ruta-de-la-inquisicion\/#breadcrumb\",\"itemListElement\":[{\"@type\":\"ListItem\",\"position\":1,\"name\":\"Portada\",\"item\":\"https:\/\/www.ajimez.es\/\"},{\"@type\":\"ListItem\",\"position\":2,\"name\":\"Ruta de la Inquisici\u00f3n\"}]},{\"@type\":\"WebSite\",\"@id\":\"https:\/\/www.ajimez.es\/#website\",\"url\":\"https:\/\/www.ajimez.es\/\",\"name\":\"Ajimez turismo Llerena\",\"description\":\"Visitas guiadas por Llerena y el sur de Extremadura\",\"publisher\":{\"@id\":\"https:\/\/www.ajimez.es\/#organization\"},\"potentialAction\":[{\"@type\":\"SearchAction\",\"target\":{\"@type\":\"EntryPoint\",\"urlTemplate\":\"https:\/\/www.ajimez.es\/?s={search_term_string}\"},\"query-input\":\"required name=search_term_string\"}],\"inLanguage\":\"es\"},{\"@type\":\"Organization\",\"@id\":\"https:\/\/www.ajimez.es\/#organization\",\"name\":\"Ajimez turismo Llerena\",\"url\":\"https:\/\/www.ajimez.es\/\",\"logo\":{\"@type\":\"ImageObject\",\"inLanguage\":\"es\",\"@id\":\"https:\/\/www.ajimez.es\/#\/schema\/logo\/image\/\",\"url\":\"https:\/\/www.ajimez.es\/wp-content\/uploads\/2022\/12\/cropped-LETRAS.jpg\",\"contentUrl\":\"https:\/\/www.ajimez.es\/wp-content\/uploads\/2022\/12\/cropped-LETRAS.jpg\",\"width\":654,\"height\":322,\"caption\":\"Ajimez turismo Llerena\"},\"image\":{\"@id\":\"https:\/\/www.ajimez.es\/#\/schema\/logo\/image\/\"}}]}<\/script>\n<!-- \/ Yoast SEO plugin. -->","yoast_head_json":{"title":"Ruta de la Inquisici\u00f3n - Ajimez turismo Llerena","robots":{"index":"index","follow":"follow","max-snippet":"max-snippet:-1","max-image-preview":"max-image-preview:large","max-video-preview":"max-video-preview:-1"},"canonical":"https:\/\/www.ajimez.es\/index.php\/ruta-de-la-inquisicion\/","og_locale":"es_ES","og_type":"article","og_title":"Ruta de la Inquisici\u00f3n - Ajimez turismo Llerena","og_description":"La inquisici\u00f3n en Llerena La Inquisici\u00f3n espa\u00f1ola tuvo presencia en la ciudad desde su fundaci\u00f3n hasta se desaparici\u00f3n. Descubre el lugar que ocup\u00f3 el Tribunal del Santo Oficio de la Inquisici\u00f3n en Llerena. \u00bfQu\u00e9 hay de leyenda y de realidad en torno a esta instituci\u00f3n? Itinerario Comenzaremos este&nbsp;tour de la Inquisici\u00f3n por Llerena&nbsp;en el&nbsp;Paseo Cieza &hellip; Ruta de la Inquisici\u00f3n Leer m\u00e1s &raquo;","og_url":"https:\/\/www.ajimez.es\/index.php\/ruta-de-la-inquisicion\/","og_site_name":"Ajimez turismo Llerena","article_modified_time":"2024-12-04T13:19:36+00:00","og_image":[{"url":"https:\/\/www.ajimez.es\/wp-content\/uploads\/2023\/01\/PHOTO-2022-11-21-15-19-03.jpg"}],"twitter_card":"summary_large_image","twitter_misc":{"Tiempo de lectura":"2 minutos"},"schema":{"@context":"https:\/\/schema.org","@graph":[{"@type":"WebPage","@id":"https:\/\/www.ajimez.es\/index.php\/ruta-de-la-inquisicion\/","url":"https:\/\/www.ajimez.es\/index.php\/ruta-de-la-inquisicion\/","name":"Ruta de la Inquisici\u00f3n - Ajimez turismo Llerena","isPartOf":{"@id":"https:\/\/www.ajimez.es\/#website"},"datePublished":"2023-01-13T15:58:39+00:00","dateModified":"2024-12-04T13:19:36+00:00","breadcrumb":{"@id":"https:\/\/www.ajimez.es\/index.php\/ruta-de-la-inquisicion\/#breadcrumb"},"inLanguage":"es","potentialAction":[{"@type":"ReadAction","target":["https:\/\/www.ajimez.es\/index.php\/ruta-de-la-inquisicion\/"]}]},{"@type":"BreadcrumbList","@id":"https:\/\/www.ajimez.es\/index.php\/ruta-de-la-inquisicion\/#breadcrumb","itemListElement":[{"@type":"ListItem","position":1,"name":"Portada","item":"https:\/\/www.ajimez.es\/"},{"@type":"ListItem","position":2,"name":"Ruta de la Inquisici\u00f3n"}]},{"@type":"WebSite","@id":"https:\/\/www.ajimez.es\/#website","url":"https:\/\/www.ajimez.es\/","name":"Ajimez turismo Llerena","description":"Visitas guiadas por Llerena y el sur de Extremadura","publisher":{"@id":"https:\/\/www.ajimez.es\/#organization"},"potentialAction":[{"@type":"SearchAction","target":{"@type":"EntryPoint","urlTemplate":"https:\/\/www.ajimez.es\/?s={search_term_string}"},"query-input":"required name=search_term_string"}],"inLanguage":"es"},{"@type":"Organization","@id":"https:\/\/www.ajimez.es\/#organization","name":"Ajimez turismo Llerena","url":"https:\/\/www.ajimez.es\/","logo":{"@type":"ImageObject","inLanguage":"es","@id":"https:\/\/www.ajimez.es\/#\/schema\/logo\/image\/","url":"https:\/\/www.ajimez.es\/wp-content\/uploads\/2022\/12\/cropped-LETRAS.jpg","contentUrl":"https:\/\/www.ajimez.es\/wp-content\/uploads\/2022\/12\/cropped-LETRAS.jpg","width":654,"height":322,"caption":"Ajimez turismo Llerena"},"image":{"@id":"https:\/\/www.ajimez.es\/#\/schema\/logo\/image\/"}}]}},"_links":{"self":[{"href":"https:\/\/www.ajimez.es\/index.php\/wp-json\/wp\/v2\/pages\/1448","targetHints":{"allow":["GET"]}}],"collection":[{"href":"https:\/\/www.ajimez.es\/index.php\/wp-json\/wp\/v2\/pages"}],"about":[{"href":"https:\/\/www.ajimez.es\/index.php\/wp-json\/wp\/v2\/types\/page"}],"author":[{"embeddable":true,"href":"https:\/\/www.ajimez.es\/index.php\/wp-json\/wp\/v2\/users\/1"}],"replies":[{"embeddable":true,"href":"https:\/\/www.ajimez.es\/index.php\/wp-json\/wp\/v2\/comments?post=1448"}],"version-history":[{"count":25,"href":"https:\/\/www.ajimez.es\/index.php\/wp-json\/wp\/v2\/pages\/1448\/revisions"}],"predecessor-version":[{"id":1650,"href":"https:\/\/www.ajimez.es\/index.php\/wp-json\/wp\/v2\/pages\/1448\/revisions\/1650"}],"wp:attachment":[{"href":"https:\/\/www.ajimez.es\/index.php\/wp-json\/wp\/v2\/media?parent=1448"}],"curies":[{"name":"wp","href":"https:\/\/api.w.org\/{rel}","templated":true}]}}